{"id":782,"date":"2023-05-06T00:13:07","date_gmt":"2023-05-06T00:13:07","guid":{"rendered":"http:\/\/collaboro.ipportalegre.pt\/estg\/?page_id=782"},"modified":"2023-05-06T00:15:06","modified_gmt":"2023-05-06T00:15:06","slug":"782-2consumo-de-agua-da-torneira","status":"publish","type":"page","link":"https:\/\/collaboro.ipportalegre.pt\/estg\/projetos-da-tua-escola\/782-2consumo-de-agua-da-torneira\/","title":{"rendered":"Campanha EPAL -Consumo de \u00c1gua da Torneira"},"content":{"rendered":"\n<div style=\"height:\" aria-hidden=\"true\" class=\"wp-block-spacer\"><\/div>\n\n\n\n<figure class=\"wp-block-image size-large\"><img loading=\"lazy\" decoding=\"async\" width=\"1024\" height=\"687\" src=\"http:\/\/collaboro.ipportalegre.pt\/estg\/wp-content\/uploads\/sites\/5\/2023\/05\/EPAL-garrafas--1024x687.jpg\" alt=\"\" class=\"wp-image-783\" srcset=\"https:\/\/collaboro.ipportalegre.pt\/estg\/wp-content\/uploads\/sites\/5\/2023\/05\/EPAL-garrafas--1024x687.jpg 1024w, https:\/\/collaboro.ipportalegre.pt\/estg\/wp-content\/uploads\/sites\/5\/2023\/05\/EPAL-garrafas--300x201.jpg 300w, https:\/\/collaboro.ipportalegre.pt\/estg\/wp-content\/uploads\/sites\/5\/2023\/05\/EPAL-garrafas--768x515.jpg 768w, https:\/\/collaboro.ipportalegre.pt\/estg\/wp-content\/uploads\/sites\/5\/2023\/05\/EPAL-garrafas-.jpg 1536w\" sizes=\"auto, (max-width: 1024px) 100vw, 1024px\" \/><\/figure>\n\n\n\n<div style=\"height:30px\" aria-hidden=\"true\" class=\"wp-block-spacer\"><\/div>\n\n\n<h2 style=\"text-transform: uppercase\"><a href=\"_wp_link_placeholder\" data-wplink-edit=\"true\"><strong><strong>CONSUMO DE \u00c1GUA DA TORNEIRA\u00a0<\/strong><\/strong><\/a><\/h2>\n<p class=\"has-luminous-vivid-orange-color has-text-color has-medium-font-size\">ESTG adere \u00e0 campanha promovida pela EPAL<\/p>\n\n\n<h2 class=\"wp-block-heading\"><\/h2>\n\n\n\n<p>No dia 10 de Novembro de 2022 a ESTG aderiu ao desafio do consumo de \u00c1gua da Torneira&nbsp;promovido pela EPAL.<\/p>\n\n\n\n<p>Os doze jarros disponibilizados por esta entidade, pretendem facilitar e incentivar o consumo de \u00e1gua da torneira por parte dos funcion\u00e1rios, minimizando o consumo de \u00e1gua engarrafada e em simult\u00e2neo promovendo uma cultura de consumo de \u00e1gua mais sustent\u00e1vel.<\/p>\n\n\n\n<p><\/p>\n\n\n\n<div style=\"height:50px\" aria-hidden=\"true\" class=\"wp-block-spacer\"><\/div>\n\n\n\n<p class=\"has-text-align-center\">Ver mais <strong><a href=\"http:\/\/collaboro.ipportalegre.pt\/estg\/projetos-da-tua-escola\/\" data-type=\"page\" data-id=\"214\">PROJETOS DA TUA ESCOLA<\/a><\/strong><\/p>\n","protected":false},"excerpt":{"rendered":"<p>CONSUMO DE \u00c1GUA DA TORNEIRA\u00a0 ESTG adere \u00e0 campanha promovida pela EPAL No dia 10 de Novembro de 2022 a ESTG aderiu ao desafio do consumo de \u00c1gua da Torneira&nbsp;promovido &#8230;<\/p>\n","protected":false},"author":3,"featured_media":0,"parent":214,"menu_order":1,"comment_status":"closed","ping_status":"closed","template":"","meta":{"inline_featured_image":false,"footnotes":""},"class_list":["post-782","page","type-page","status-publish","hentry"],"_links":{"self":[{"href":"https:\/\/collaboro.ipportalegre.pt\/estg\/wp-json\/wp\/v2\/pages\/782","targetHints":{"allow":["GET"]}}],"collection":[{"href":"https:\/\/collaboro.ipportalegre.pt\/estg\/wp-json\/wp\/v2\/pages"}],"about":[{"href":"https:\/\/collaboro.ipportalegre.pt\/estg\/wp-json\/wp\/v2\/types\/page"}],"author":[{"embeddable":true,"href":"https:\/\/collaboro.ipportalegre.pt\/estg\/wp-json\/wp\/v2\/users\/3"}],"replies":[{"embeddable":true,"href":"https:\/\/collaboro.ipportalegre.pt\/estg\/wp-json\/wp\/v2\/comments?post=782"}],"version-history":[{"count":3,"href":"https:\/\/collaboro.ipportalegre.pt\/estg\/wp-json\/wp\/v2\/pages\/782\/revisions"}],"predecessor-version":[{"id":786,"href":"https:\/\/collaboro.ipportalegre.pt\/estg\/wp-json\/wp\/v2\/pages\/782\/revisions\/786"}],"up":[{"embeddable":true,"href":"https:\/\/collaboro.ipportalegre.pt\/estg\/wp-json\/wp\/v2\/pages\/214"}],"wp:attachment":[{"href":"https:\/\/collaboro.ipportalegre.pt\/estg\/wp-json\/wp\/v2\/media?parent=782"}],"curies":[{"name":"wp","href":"https:\/\/api.w.org\/{rel}","templated":true}]}}