{"id":773,"date":"2023-05-05T23:36:24","date_gmt":"2023-05-05T23:36:24","guid":{"rendered":"http:\/\/collaboro.ipportalegre.pt\/estg\/?page_id=773"},"modified":"2023-05-05T23:49:26","modified_gmt":"2023-05-05T23:49:26","slug":"ninhos-no-campus","status":"publish","type":"page","link":"https:\/\/collaboro.ipportalegre.pt\/estg\/projetos-da-tua-escola\/ninhos-no-campus\/","title":{"rendered":"Ninhos no Campus"},"content":{"rendered":"\n<div style=\"height:\" aria-hidden=\"true\" class=\"wp-block-spacer\"><\/div>\n\n\n\n<figure class=\"wp-block-image size-large\"><img loading=\"lazy\" decoding=\"async\" width=\"1024\" height=\"768\" src=\"http:\/\/collaboro.ipportalegre.pt\/estg\/wp-content\/uploads\/sites\/5\/2023\/05\/ninhos-1024x768.jpg\" alt=\"\" class=\"wp-image-777\" srcset=\"https:\/\/collaboro.ipportalegre.pt\/estg\/wp-content\/uploads\/sites\/5\/2023\/05\/ninhos-1024x768.jpg 1024w, https:\/\/collaboro.ipportalegre.pt\/estg\/wp-content\/uploads\/sites\/5\/2023\/05\/ninhos-300x225.jpg 300w, https:\/\/collaboro.ipportalegre.pt\/estg\/wp-content\/uploads\/sites\/5\/2023\/05\/ninhos-768x576.jpg 768w, https:\/\/collaboro.ipportalegre.pt\/estg\/wp-content\/uploads\/sites\/5\/2023\/05\/ninhos-1536x1152.jpg 1536w, https:\/\/collaboro.ipportalegre.pt\/estg\/wp-content\/uploads\/sites\/5\/2023\/05\/ninhos.jpg 1600w\" sizes=\"auto, (max-width: 1024px) 100vw, 1024px\" \/><\/figure>\n\n\n\n<div style=\"height:30px\" aria-hidden=\"true\" class=\"wp-block-spacer\"><\/div>\n\n\n\n<h2 class=\"wp-block-heading\" style=\"text-transform:uppercase\"><a href=\"http:\/\/collaboro.ipportalegre.pt\/estg\/projetos-da-tua-escola\/ninhos-no-campus\/\" data-type=\"page\" data-id=\"773\"><strong>Ninhos no Campus polit\u00e9cnico<\/strong><\/a><\/h2>\n\n\n\n<p class=\"has-luminous-vivid-orange-color has-text-color has-medium-font-size\">Workshop de constru\u00e7\u00e3o e coloca\u00e7\u00e3o de ninhos para chapins, carri\u00e7as e trepadeiras-comuns.<\/p>\n\n\n\n<p>No dia 9 de mar\u00e7o, no p\u00e1tio exterior no Campus Polit\u00e9cnico realizou-se um workshop promovido de constru\u00e7\u00e3o de ninhos para posterior coloca\u00e7\u00e3o nos jardins do Campus Polit\u00e9cnico.  A atividade foi realizada em parceria com o Instituto da Conserva\u00e7\u00e3o da Natureza e das Florestas (ICNF) e teve como inten\u00e7\u00e3o partilhar o interesse pela preserva\u00e7\u00e3o da biodiversidade com os estudantes das Escolas do Campus. As aves aumentam a biodiversidade e ajudam a controlar as pragas permitindo a redu\u00e7\u00e3o de pesticidas, o que torna muito importante a coloca\u00e7\u00e3o de ninhos para incentivar a nidifica\u00e7\u00e3o de aves como os chapins, as carri\u00e7as e as trepadeiras-comuns, abundantes na regi\u00e3o onde se insere o Campus.<\/p>\n\n\n\n<div style=\"height:50px\" aria-hidden=\"true\" class=\"wp-block-spacer\"><\/div>\n\n\n\n<p class=\"has-text-align-center\">Ver mais <strong><a href=\"http:\/\/collaboro.ipportalegre.pt\/estg\/projetos-da-tua-escola\/\" data-type=\"page\" data-id=\"214\">PROJETOS DA TUA ESCOLA<\/a><\/strong><\/p>\n","protected":false},"excerpt":{"rendered":"<p>Ninhos no Campus polit\u00e9cnico Workshop de constru\u00e7\u00e3o e coloca\u00e7\u00e3o de ninhos para chapins, carri\u00e7as e trepadeiras-comuns. No dia 9 de mar\u00e7o, no p\u00e1tio exterior no Campus Polit\u00e9cnico realizou-se um workshop &#8230;<\/p>\n","protected":false},"author":3,"featured_media":0,"parent":214,"menu_order":1,"comment_status":"closed","ping_status":"closed","template":"","meta":{"inline_featured_image":false,"footnotes":""},"class_list":["post-773","page","type-page","status-publish","hentry"],"_links":{"self":[{"href":"https:\/\/collaboro.ipportalegre.pt\/estg\/wp-json\/wp\/v2\/pages\/773","targetHints":{"allow":["GET"]}}],"collection":[{"href":"https:\/\/collaboro.ipportalegre.pt\/estg\/wp-json\/wp\/v2\/pages"}],"about":[{"href":"https:\/\/collaboro.ipportalegre.pt\/estg\/wp-json\/wp\/v2\/types\/page"}],"author":[{"embeddable":true,"href":"https:\/\/collaboro.ipportalegre.pt\/estg\/wp-json\/wp\/v2\/users\/3"}],"replies":[{"embeddable":true,"href":"https:\/\/collaboro.ipportalegre.pt\/estg\/wp-json\/wp\/v2\/comments?post=773"}],"version-history":[{"count":3,"href":"https:\/\/collaboro.ipportalegre.pt\/estg\/wp-json\/wp\/v2\/pages\/773\/revisions"}],"predecessor-version":[{"id":778,"href":"https:\/\/collaboro.ipportalegre.pt\/estg\/wp-json\/wp\/v2\/pages\/773\/revisions\/778"}],"up":[{"embeddable":true,"href":"https:\/\/collaboro.ipportalegre.pt\/estg\/wp-json\/wp\/v2\/pages\/214"}],"wp:attachment":[{"href":"https:\/\/collaboro.ipportalegre.pt\/estg\/wp-json\/wp\/v2\/media?parent=773"}],"curies":[{"name":"wp","href":"https:\/\/api.w.org\/{rel}","templated":true}]}}