{"id":767,"date":"2023-04-24T17:11:14","date_gmt":"2023-04-24T17:11:14","guid":{"rendered":"http:\/\/collaboro.ipportalegre.pt\/estg\/?page_id=767"},"modified":"2023-04-24T17:11:15","modified_gmt":"2023-04-24T17:11:15","slug":"formacao-onde-estiver-recicle-sempre","status":"publish","type":"page","link":"https:\/\/collaboro.ipportalegre.pt\/estg\/projetos-da-tua-escola\/formacao-onde-estiver-recicle-sempre\/","title":{"rendered":"Forma\u00e7\u00e3o &#8220;Onde Estiver, Recicle Sempre&#8221;"},"content":{"rendered":"\n<div style=\"height:\" aria-hidden=\"true\" class=\"wp-block-spacer\"><\/div>\n\n\n\n<figure class=\"wp-block-image size-full\"><img loading=\"lazy\" decoding=\"async\" width=\"1024\" height=\"711\" src=\"http:\/\/collaboro.ipportalegre.pt\/estg\/wp-content\/uploads\/sites\/5\/2023\/04\/Slide-Reciclagem.png\" alt=\"\" class=\"wp-image-768\" srcset=\"https:\/\/collaboro.ipportalegre.pt\/estg\/wp-content\/uploads\/sites\/5\/2023\/04\/Slide-Reciclagem.png 1024w, https:\/\/collaboro.ipportalegre.pt\/estg\/wp-content\/uploads\/sites\/5\/2023\/04\/Slide-Reciclagem-300x208.png 300w, https:\/\/collaboro.ipportalegre.pt\/estg\/wp-content\/uploads\/sites\/5\/2023\/04\/Slide-Reciclagem-768x533.png 768w\" sizes=\"auto, (max-width: 1024px) 100vw, 1024px\" \/><\/figure>\n\n\n\n<div style=\"height:30px\" aria-hidden=\"true\" class=\"wp-block-spacer\"><\/div>\n\n\n\n<h2 class=\"wp-block-heading\" style=\"text-transform:uppercase\">&#8220;Onde estiver, recicle sempre&#8221; <\/h2>\n\n\n\n<p class=\"has-luminous-vivid-orange-color has-text-color has-medium-font-size\"> A\u00e7\u00e3o de Forma\u00e7\u00e3o promovida pela Sociedade Ponto Verde<\/p>\n\n\n\n<p>No dia 11 de abril do presente ano, no \u00e2mbito do programa Eco-escolas, foi promovida uma a\u00e7\u00e3o de forma\u00e7\u00e3o destinada a toda a comunidade acad\u00e9mica, com foco na sensibiliza\u00e7\u00e3o, informa\u00e7\u00e3o e consequente melhoria dos processos de separa\u00e7\u00e3o dos res\u00edduos.<\/p>\n\n\n\n<p>A a\u00e7\u00e3o de forma\u00e7\u00e3o contou tamb\u00e9m com a presen\u00e7a dos funcion\u00e1rios respons\u00e1veis pela manuten\u00e7\u00e3o e servi\u00e7os de limpeza, agentes fundamentais para o processo de separa\u00e7\u00e3o e correto encaminhamento dos diferentes res\u00edduos.<\/p>\n\n\n\n<div style=\"height:50px\" aria-hidden=\"true\" class=\"wp-block-spacer\"><\/div>\n\n\n\n<p class=\"has-text-align-center\">Ver mais <strong><a href=\"http:\/\/collaboro.ipportalegre.pt\/estg\/projetos-da-tua-escola\/\" data-type=\"page\" data-id=\"214\">PROJETOS DA TUA ESCOLA<\/a><\/strong><\/p>\n","protected":false},"excerpt":{"rendered":"<p>&#8220;Onde estiver, recicle sempre&#8221; A\u00e7\u00e3o de Forma\u00e7\u00e3o promovida pela Sociedade Ponto Verde No dia 11 de abril do presente ano, no \u00e2mbito do programa Eco-escolas, foi promovida uma a\u00e7\u00e3o de &#8230;<\/p>\n","protected":false},"author":3,"featured_media":0,"parent":214,"menu_order":1,"comment_status":"closed","ping_status":"closed","template":"","meta":{"inline_featured_image":false,"footnotes":""},"class_list":["post-767","page","type-page","status-publish","hentry"],"_links":{"self":[{"href":"https:\/\/collaboro.ipportalegre.pt\/estg\/wp-json\/wp\/v2\/pages\/767","targetHints":{"allow":["GET"]}}],"collection":[{"href":"https:\/\/collaboro.ipportalegre.pt\/estg\/wp-json\/wp\/v2\/pages"}],"about":[{"href":"https:\/\/collaboro.ipportalegre.pt\/estg\/wp-json\/wp\/v2\/types\/page"}],"author":[{"embeddable":true,"href":"https:\/\/collaboro.ipportalegre.pt\/estg\/wp-json\/wp\/v2\/users\/3"}],"replies":[{"embeddable":true,"href":"https:\/\/collaboro.ipportalegre.pt\/estg\/wp-json\/wp\/v2\/comments?post=767"}],"version-history":[{"count":1,"href":"https:\/\/collaboro.ipportalegre.pt\/estg\/wp-json\/wp\/v2\/pages\/767\/revisions"}],"predecessor-version":[{"id":769,"href":"https:\/\/collaboro.ipportalegre.pt\/estg\/wp-json\/wp\/v2\/pages\/767\/revisions\/769"}],"up":[{"embeddable":true,"href":"https:\/\/collaboro.ipportalegre.pt\/estg\/wp-json\/wp\/v2\/pages\/214"}],"wp:attachment":[{"href":"https:\/\/collaboro.ipportalegre.pt\/estg\/wp-json\/wp\/v2\/media?parent=767"}],"curies":[{"name":"wp","href":"https:\/\/api.w.org\/{rel}","templated":true}]}}