{"id":471,"date":"2023-01-30T16:03:53","date_gmt":"2023-01-30T16:03:53","guid":{"rendered":"http:\/\/collaboro.ipportalegre.pt\/estg\/?page_id=471"},"modified":"2023-07-26T08:51:21","modified_gmt":"2023-07-26T08:51:21","slug":"eco-trilho","status":"publish","type":"page","link":"https:\/\/collaboro.ipportalegre.pt\/estg\/projetos-da-tua-escola\/eco-trilho\/","title":{"rendered":"Projetos para um Eco-Trilho"},"content":{"rendered":"\n<div style=\"height:\" aria-hidden=\"true\" class=\"wp-block-spacer\"><\/div>\n\n\n\n<div class=\"wp-block-columns is-layout-flex wp-container-core-columns-is-layout-9d6595d7 wp-block-columns-is-layout-flex\">\n<div class=\"wp-block-column is-vertically-aligned-center is-layout-flow wp-block-column-is-layout-flow\" style=\"flex-basis:100%\">\n<div class=\"wp-block-columns is-layout-flex wp-container-core-columns-is-layout-9d6595d7 wp-block-columns-is-layout-flex\">\n<div class=\"wp-block-column is-layout-flow wp-block-column-is-layout-flow\">\n<figure class=\"wp-block-image alignfull size-large\"><img loading=\"lazy\" decoding=\"async\" width=\"1024\" height=\"719\" src=\"http:\/\/collaboro.ipportalegre.pt\/estg\/wp-content\/uploads\/sites\/5\/2023\/03\/Caminhos-Exteriores-02-1-1024x719.jpg\" alt=\"\" class=\"wp-image-635\" srcset=\"https:\/\/collaboro.ipportalegre.pt\/estg\/wp-content\/uploads\/sites\/5\/2023\/03\/Caminhos-Exteriores-02-1-1024x719.jpg 1024w, https:\/\/collaboro.ipportalegre.pt\/estg\/wp-content\/uploads\/sites\/5\/2023\/03\/Caminhos-Exteriores-02-1-300x211.jpg 300w, https:\/\/collaboro.ipportalegre.pt\/estg\/wp-content\/uploads\/sites\/5\/2023\/03\/Caminhos-Exteriores-02-1-768x539.jpg 768w, https:\/\/collaboro.ipportalegre.pt\/estg\/wp-content\/uploads\/sites\/5\/2023\/03\/Caminhos-Exteriores-02-1.jpg 1200w\" sizes=\"auto, (max-width: 1024px) 100vw, 1024px\" \/><\/figure>\n<\/div>\n\n\n\n<div class=\"wp-block-column is-layout-flow wp-block-column-is-layout-flow\">\n<h2 class=\"wp-block-heading alignfull has-small-font-size\"><strong style=\"font-size: 2rem;text-transform: uppercase\">Projetos para um eco-trilho <\/strong><\/h2>\n\n\n\n<h2 class=\"wp-block-heading alignfull has-small-font-size\"><p class=\"has-luminous-vivid-orange-color has-text-color has-medium-font-size\">Projeto para a realiza\u00e7\u00e3o de um eco-trilho no Campus Polit\u00e9cnico<\/p><\/h2>\n\n\n\n<p>Os estudantes do terceiro ano do curso de Design de Comunica\u00e7\u00e3o realizaram propostas de projeto para a constru\u00e7\u00e3o de um eco-trilho no Campus Polit\u00e9cnico. As propostas incluem percursos pedestres para dar a conhecer a biodiversidade do Campus, praticar atividades desportivas ou outras ao ar livre e, ainda, esta\u00e7\u00f5es ou paragens tem\u00e1ticas, de acordo com as v\u00e1rias sugest\u00f5es levantadas pelos estudantes atrav\u00e9s das ferramentas participativas usadas nos projeto<\/p>\n\n\n\n<h2 class=\"wp-block-heading alignfull has-small-font-size\"> <\/h2>\n<\/div>\n<\/div>\n<\/div>\n<\/div>\n\n\n\n<figure class=\"wp-block-image size-full\"><img loading=\"lazy\" decoding=\"async\" width=\"842\" height=\"378\" src=\"http:\/\/collaboro.ipportalegre.pt\/estg\/wp-content\/uploads\/sites\/5\/2023\/03\/p22-0.jpg\" alt=\"\" class=\"wp-image-629\" srcset=\"https:\/\/collaboro.ipportalegre.pt\/estg\/wp-content\/uploads\/sites\/5\/2023\/03\/p22-0.jpg 842w, https:\/\/collaboro.ipportalegre.pt\/estg\/wp-content\/uploads\/sites\/5\/2023\/03\/p22-0-300x135.jpg 300w, https:\/\/collaboro.ipportalegre.pt\/estg\/wp-content\/uploads\/sites\/5\/2023\/03\/p22-0-768x345.jpg 768w\" sizes=\"auto, (max-width: 842px) 100vw, 842px\" \/><figcaption class=\"wp-element-caption\">Projeto exemplificativo: projeto acad\u00e9mico realizado pelas estudantes de Design de Comunica\u00e7\u00e3o: Filipa Nunes, Maria Beatriz Moreira e Mariana Raimundo<\/figcaption><\/figure>\n\n\n\n<div style=\"height:30px\" aria-hidden=\"true\" class=\"wp-block-spacer\"><\/div>\n\n\n\n<h2 class=\"wp-block-heading\" style=\"text-transform:uppercase\"><\/h2>\n\n\n\n<div style=\"height:50px\" aria-hidden=\"true\" class=\"wp-block-spacer\"><\/div>\n\n\n\n<p class=\"has-text-align-center\">Ver mais <strong><a href=\"http:\/\/collaboro.ipportalegre.pt\/estg\/projetos-da-tua-escola\/\" data-type=\"page\" data-id=\"214\">PROJETOS DA TUA ESCOLA<\/a><\/strong><\/p>\n","protected":false},"excerpt":{"rendered":"<p>Projetos para um eco-trilho Projeto para a realiza\u00e7\u00e3o de um eco-trilho no Campus Polit\u00e9cnico Os estudantes do terceiro ano do curso de Design de Comunica\u00e7\u00e3o realizaram propostas de projeto para &#8230;<\/p>\n","protected":false},"author":3,"featured_media":0,"parent":214,"menu_order":1,"comment_status":"closed","ping_status":"closed","template":"","meta":{"inline_featured_image":false,"footnotes":""},"class_list":["post-471","page","type-page","status-publish","hentry"],"_links":{"self":[{"href":"https:\/\/collaboro.ipportalegre.pt\/estg\/wp-json\/wp\/v2\/pages\/471","targetHints":{"allow":["GET"]}}],"collection":[{"href":"https:\/\/collaboro.ipportalegre.pt\/estg\/wp-json\/wp\/v2\/pages"}],"about":[{"href":"https:\/\/collaboro.ipportalegre.pt\/estg\/wp-json\/wp\/v2\/types\/page"}],"author":[{"embeddable":true,"href":"https:\/\/collaboro.ipportalegre.pt\/estg\/wp-json\/wp\/v2\/users\/3"}],"replies":[{"embeddable":true,"href":"https:\/\/collaboro.ipportalegre.pt\/estg\/wp-json\/wp\/v2\/comments?post=471"}],"version-history":[{"count":29,"href":"https:\/\/collaboro.ipportalegre.pt\/estg\/wp-json\/wp\/v2\/pages\/471\/revisions"}],"predecessor-version":[{"id":820,"href":"https:\/\/collaboro.ipportalegre.pt\/estg\/wp-json\/wp\/v2\/pages\/471\/revisions\/820"}],"up":[{"embeddable":true,"href":"https:\/\/collaboro.ipportalegre.pt\/estg\/wp-json\/wp\/v2\/pages\/214"}],"wp:attachment":[{"href":"https:\/\/collaboro.ipportalegre.pt\/estg\/wp-json\/wp\/v2\/media?parent=471"}],"curies":[{"name":"wp","href":"https:\/\/api.w.org\/{rel}","templated":true}]}}