{"id":1077,"date":"2024-10-24T10:28:13","date_gmt":"2024-10-24T10:28:13","guid":{"rendered":"https:\/\/collaboro.ipportalegre.pt\/estg\/?page_id=1077"},"modified":"2024-10-24T10:32:03","modified_gmt":"2024-10-24T10:32:03","slug":"microsite-para-a-biodiversidade","status":"publish","type":"page","link":"https:\/\/collaboro.ipportalegre.pt\/estg\/projetos-da-tua-escola\/microsite-para-a-biodiversidade\/","title":{"rendered":"Microsite para a Biodiversidade"},"content":{"rendered":"\n<div aria-hidden=\"true\" class=\"wp-block-spacer\"><\/div>\n\n\n\n<div style=\"height:30px\" aria-hidden=\"true\" class=\"wp-block-spacer\"><\/div>\n\n\n\n<figure class=\"wp-block-image alignwide size-full\"><img loading=\"lazy\" decoding=\"async\" width=\"2135\" height=\"1510\" src=\"https:\/\/collaboro.ipportalegre.pt\/estg\/wp-content\/uploads\/sites\/5\/2024\/10\/micriosite.jpg\" alt=\"\" class=\"wp-image-1079\" srcset=\"https:\/\/collaboro.ipportalegre.pt\/estg\/wp-content\/uploads\/sites\/5\/2024\/10\/micriosite.jpg 2135w, https:\/\/collaboro.ipportalegre.pt\/estg\/wp-content\/uploads\/sites\/5\/2024\/10\/micriosite-300x212.jpg 300w, https:\/\/collaboro.ipportalegre.pt\/estg\/wp-content\/uploads\/sites\/5\/2024\/10\/micriosite-1024x724.jpg 1024w, https:\/\/collaboro.ipportalegre.pt\/estg\/wp-content\/uploads\/sites\/5\/2024\/10\/micriosite-768x543.jpg 768w, https:\/\/collaboro.ipportalegre.pt\/estg\/wp-content\/uploads\/sites\/5\/2024\/10\/micriosite-1536x1086.jpg 1536w, https:\/\/collaboro.ipportalegre.pt\/estg\/wp-content\/uploads\/sites\/5\/2024\/10\/micriosite-2048x1448.jpg 2048w\" sizes=\"auto, (max-width: 2135px) 100vw, 2135px\" \/><\/figure>\n\n\n\n<h2 class=\"wp-block-heading\" style=\"text-transform:uppercase\"><a href=\"https:\/\/collaboro.ipportalegre.pt\/estg\/projetos-da-tua-escola\/microsite-para-a-biodiversidade\/\">microsite para a biodiversidade do campus<\/a><\/h2>\n\n\n\n<p class=\"has-luminous-vivid-orange-color has-text-color has-medium-font-size\">Um projeto para o teu Campus Polit\u00e9cnico!<\/p>\n\n\n\n<p>Os estudantes do terceiro ano do curso de Design de Comunica\u00e7\u00e3o, em conjunto com a docente Vanda Correia, realizaram propostas para a constru\u00e7\u00e3o de um microsite que apresentar\u00e1 a biodiversidade do Campus. De entre as propostas ir\u00e1 realizar-se um microsite para que todos possamos apresentar atrav\u00e9s de imagens e sons, a riqueza da biodiversidade do Campus Polit\u00e9cnico.<\/p>\n\n\n\n<h1 class=\"wp-block-heading\"><\/h1>\n\n\n\n<p>Consulta a proposta de projeto escolhida em: https:\/\/www.figma.com\/proto\/Q7jdkOsSmcQQbA08Wb2MO9\/Untitled?node-id=101-214&amp;t=xiZMP0rDRvet53zW-1&amp;scaling=scale-down-width&amp;content-scaling=fixed<\/p>\n\n\n\n<p><\/p>\n\n\n\n<p><\/p>\n\n\n\n<p><\/p>\n\n\n\n<div class=\"wp-block-columns is-layout-flex wp-container-core-columns-is-layout-9d6595d7 wp-block-columns-is-layout-flex\">\n<div class=\"wp-block-column is-vertically-aligned-center is-layout-flow wp-block-column-is-layout-flow\" style=\"flex-basis:33.33%\">\n<div class=\"wp-block-group\"><div class=\"wp-block-group__inner-container is-layout-constrained wp-block-group-is-layout-constrained\">\n<p class=\"has-text-align-left\"><\/p>\n<\/div><\/div>\n<\/div>\n<\/div>\n\n\n\n<div style=\"height:50px\" aria-hidden=\"true\" class=\"wp-block-spacer\"><\/div>\n\n\n\n<p class=\"has-text-align-center\">Ver mais <strong><a href=\"http:\/\/collaboro.ipportalegre.pt\/estg\/projetos-da-tua-escola\/\" data-type=\"page\" data-id=\"214\">PROJETOS DA TUA ESCOLA<\/a><\/strong><\/p>\n","protected":false},"excerpt":{"rendered":"<p>microsite para a biodiversidade do campus Um projeto para o teu Campus Polit\u00e9cnico! Os estudantes do terceiro ano do curso de Design de Comunica\u00e7\u00e3o, em conjunto com a docente Vanda &#8230;<\/p>\n","protected":false},"author":3,"featured_media":970,"parent":214,"menu_order":1,"comment_status":"closed","ping_status":"closed","template":"","meta":{"inline_featured_image":false,"footnotes":""},"class_list":["post-1077","page","type-page","status-publish","has-post-thumbnail","hentry"],"_links":{"self":[{"href":"https:\/\/collaboro.ipportalegre.pt\/estg\/wp-json\/wp\/v2\/pages\/1077","targetHints":{"allow":["GET"]}}],"collection":[{"href":"https:\/\/collaboro.ipportalegre.pt\/estg\/wp-json\/wp\/v2\/pages"}],"about":[{"href":"https:\/\/collaboro.ipportalegre.pt\/estg\/wp-json\/wp\/v2\/types\/page"}],"author":[{"embeddable":true,"href":"https:\/\/collaboro.ipportalegre.pt\/estg\/wp-json\/wp\/v2\/users\/3"}],"replies":[{"embeddable":true,"href":"https:\/\/collaboro.ipportalegre.pt\/estg\/wp-json\/wp\/v2\/comments?post=1077"}],"version-history":[{"count":4,"href":"https:\/\/collaboro.ipportalegre.pt\/estg\/wp-json\/wp\/v2\/pages\/1077\/revisions"}],"predecessor-version":[{"id":1085,"href":"https:\/\/collaboro.ipportalegre.pt\/estg\/wp-json\/wp\/v2\/pages\/1077\/revisions\/1085"}],"up":[{"embeddable":true,"href":"https:\/\/collaboro.ipportalegre.pt\/estg\/wp-json\/wp\/v2\/pages\/214"}],"wp:featuredmedia":[{"embeddable":true,"href":"https:\/\/collaboro.ipportalegre.pt\/estg\/wp-json\/wp\/v2\/media\/970"}],"wp:attachment":[{"href":"https:\/\/collaboro.ipportalegre.pt\/estg\/wp-json\/wp\/v2\/media?parent=1077"}],"curies":[{"name":"wp","href":"https:\/\/api.w.org\/{rel}","templated":true}]}}