{"id":1054,"date":"2024-10-24T09:17:51","date_gmt":"2024-10-24T09:17:51","guid":{"rendered":"https:\/\/collaboro.ipportalegre.pt\/estg\/?page_id=1054"},"modified":"2024-10-24T09:26:09","modified_gmt":"2024-10-24T09:26:09","slug":"os-sons-do-ecotrilho","status":"publish","type":"page","link":"https:\/\/collaboro.ipportalegre.pt\/estg\/projetos-da-tua-escola\/os-sons-do-ecotrilho\/","title":{"rendered":"Os Sons do Ecotrilho"},"content":{"rendered":"\n<div style=\"height:30px\" aria-hidden=\"true\" class=\"wp-block-spacer\"><\/div>\n\n\n\n<h2 class=\"wp-block-heading\" style=\"text-transform:uppercase\"><a href=\"https:\/\/collaboro.ipportalegre.pt\/estg\/projetos-da-tua-escola\/os-sons-do-ecotrilho\/\">os sons do eco-trilho<\/a><\/h2>\n\n\n\n<p class=\"has-luminous-vivid-orange-color has-text-color has-medium-font-size\">Design de Som e Produ\u00e7\u00e3o Musical<\/p>\n\n\n\n<p><\/p>\n\n\n\n<div class=\"wp-block-columns is-layout-flex wp-container-core-columns-is-layout-9d6595d7 wp-block-columns-is-layout-flex\">\n<div class=\"wp-block-column is-layout-flow wp-block-column-is-layout-flow\" style=\"flex-basis:33.33%\">\n<p>Os estudantes do CTeSP Design de Som e Produ\u00e7\u00e3o Musical, desafiados pelo professor Telmo Lopes, fizeram um levantamento dos sons da natureza, junto ao eco-trilho do Campus Polit\u00e9cnico. Surpreende-te com os sons que nos rodeiam!<\/p>\n\n\n\n<p>Exemplos de alguns dos sons que podes ouvir:<\/p>\n\n\n\n<p class=\"has-luminous-vivid-orange-color has-text-color has-link-color wp-elements-a14b346578129bfd68b36773bd8f2e3c\"><strong>Som de pedra no lago<\/strong><\/p>\n\n\n\n<p><a href=\"https:\/\/collaboro.ipportalegre.pt\/estg\/wp-content\/uploads\/sites\/5\/2024\/10\/Lago-som-de-pedra-sobre-o-a-agua.wav\" target=\"_blank\" rel=\"noreferrer noopener\">collaboro.ipportalegre.pt\/estg\/wp-content\/uploads\/sites\/5\/2024\/10\/Lago-som-de-pedra-sobre-o-a-agua.wav<\/a><\/p>\n\n\n\n<p class=\"has-luminous-vivid-orange-color has-text-color has-link-color wp-elements-82cc2899d886d1eda0892a6e5b231d23\"><strong>Sapos no lago<\/strong><\/p>\n<\/div>\n\n\n\n<div class=\"wp-block-column is-layout-flow wp-block-column-is-layout-flow\" style=\"flex-basis:66.66%\">\n<div class=\"wp-block-group\"><div class=\"wp-block-group__inner-container is-layout-constrained wp-block-group-is-layout-constrained\">\n<figure class=\"wp-block-gallery has-nested-images columns-default is-cropped wp-block-gallery-1 is-layout-flex wp-block-gallery-is-layout-flex\">\n<figure class=\"wp-block-image alignfull size-large\"><img loading=\"lazy\" decoding=\"async\" width=\"1024\" height=\"414\" data-id=\"1057\" src=\"https:\/\/collaboro.ipportalegre.pt\/estg\/wp-content\/uploads\/sites\/5\/2024\/10\/imgsons-natura-1-1-1024x414.jpg\" alt=\"\" class=\"wp-image-1057\" srcset=\"https:\/\/collaboro.ipportalegre.pt\/estg\/wp-content\/uploads\/sites\/5\/2024\/10\/imgsons-natura-1-1-1024x414.jpg 1024w, https:\/\/collaboro.ipportalegre.pt\/estg\/wp-content\/uploads\/sites\/5\/2024\/10\/imgsons-natura-1-1-300x121.jpg 300w, https:\/\/collaboro.ipportalegre.pt\/estg\/wp-content\/uploads\/sites\/5\/2024\/10\/imgsons-natura-1-1-768x311.jpg 768w, https:\/\/collaboro.ipportalegre.pt\/estg\/wp-content\/uploads\/sites\/5\/2024\/10\/imgsons-natura-1-1-1536x621.jpg 1536w, https:\/\/collaboro.ipportalegre.pt\/estg\/wp-content\/uploads\/sites\/5\/2024\/10\/imgsons-natura-1-1.jpg 1672w\" sizes=\"auto, (max-width: 1024px) 100vw, 1024px\" \/><figcaption class=\"wp-element-caption\">Localiza\u00e7\u00e3o do levantamento dos sons<\/figcaption><\/figure>\n<\/figure>\n<\/div><\/div>\n<\/div>\n<\/div>\n\n\n\n<div style=\"height:50px\" aria-hidden=\"true\" class=\"wp-block-spacer\"><\/div>\n\n\n\n<p class=\"has-text-align-center\">Ver mais <strong><a href=\"http:\/\/collaboro.ipportalegre.pt\/estg\/projetos-da-tua-escola\/\" data-type=\"page\" data-id=\"214\">PROJETOS DA TUA ESCOLA<\/a><\/strong><\/p>\n","protected":false},"excerpt":{"rendered":"<p>os sons do eco-trilho Design de Som e Produ\u00e7\u00e3o Musical Os estudantes do CTeSP Design de Som e Produ\u00e7\u00e3o Musical, desafiados pelo professor Telmo Lopes, fizeram um levantamento dos sons &#8230;<\/p>\n","protected":false},"author":3,"featured_media":0,"parent":214,"menu_order":1,"comment_status":"closed","ping_status":"closed","template":"","meta":{"inline_featured_image":false,"footnotes":""},"class_list":["post-1054","page","type-page","status-publish","hentry"],"_links":{"self":[{"href":"https:\/\/collaboro.ipportalegre.pt\/estg\/wp-json\/wp\/v2\/pages\/1054","targetHints":{"allow":["GET"]}}],"collection":[{"href":"https:\/\/collaboro.ipportalegre.pt\/estg\/wp-json\/wp\/v2\/pages"}],"about":[{"href":"https:\/\/collaboro.ipportalegre.pt\/estg\/wp-json\/wp\/v2\/types\/page"}],"author":[{"embeddable":true,"href":"https:\/\/collaboro.ipportalegre.pt\/estg\/wp-json\/wp\/v2\/users\/3"}],"replies":[{"embeddable":true,"href":"https:\/\/collaboro.ipportalegre.pt\/estg\/wp-json\/wp\/v2\/comments?post=1054"}],"version-history":[{"count":5,"href":"https:\/\/collaboro.ipportalegre.pt\/estg\/wp-json\/wp\/v2\/pages\/1054\/revisions"}],"predecessor-version":[{"id":1066,"href":"https:\/\/collaboro.ipportalegre.pt\/estg\/wp-json\/wp\/v2\/pages\/1054\/revisions\/1066"}],"up":[{"embeddable":true,"href":"https:\/\/collaboro.ipportalegre.pt\/estg\/wp-json\/wp\/v2\/pages\/214"}],"wp:attachment":[{"href":"https:\/\/collaboro.ipportalegre.pt\/estg\/wp-json\/wp\/v2\/media?parent=1054"}],"curies":[{"name":"wp","href":"https:\/\/api.w.org\/{rel}","templated":true}]}}