{"id":445,"date":"2024-10-24T00:35:23","date_gmt":"2024-10-24T00:35:23","guid":{"rendered":"https:\/\/collaboro.ipportalegre.pt\/ess\/?page_id=445"},"modified":"2024-10-24T00:35:23","modified_gmt":"2024-10-24T00:35:23","slug":"mobilidade-sustentavel-no-campus","status":"publish","type":"page","link":"https:\/\/collaboro.ipportalegre.pt\/ess\/projetos-da-tua-escola\/mobilidade-sustentavel-no-campus\/","title":{"rendered":"Mobilidade sustent\u00e1vel no campus"},"content":{"rendered":"\n<p><\/p>\n\n\n\n<figure class=\"wp-block-gallery has-nested-images columns-default is-cropped wp-block-gallery-1 is-layout-flex wp-block-gallery-is-layout-flex\">\n<figure class=\"wp-block-image size-large\"><img loading=\"lazy\" decoding=\"async\" width=\"1024\" height=\"380\" data-id=\"381\" src=\"http:\/\/collaboro.ipportalegre.pt\/ess\/wp-content\/uploads\/sites\/7\/2024\/10\/mobilidade-sustentavel-1024x380.jpg\" alt=\"\" class=\"wp-image-381\" srcset=\"https:\/\/collaboro.ipportalegre.pt\/ess\/wp-content\/uploads\/sites\/7\/2024\/10\/mobilidade-sustentavel-1024x380.jpg 1024w, https:\/\/collaboro.ipportalegre.pt\/ess\/wp-content\/uploads\/sites\/7\/2024\/10\/mobilidade-sustentavel-300x111.jpg 300w, https:\/\/collaboro.ipportalegre.pt\/ess\/wp-content\/uploads\/sites\/7\/2024\/10\/mobilidade-sustentavel-768x285.jpg 768w, https:\/\/collaboro.ipportalegre.pt\/ess\/wp-content\/uploads\/sites\/7\/2024\/10\/mobilidade-sustentavel.jpg 1280w\" sizes=\"auto, (max-width: 1024px) 100vw, 1024px\" \/><\/figure>\n<\/figure>\n\n\n\n<p>Os grupos Eco-escolas, da Escola Superior de Tecnologia, Gest\u00e3o e Design, e da Escola Superior de Sa\u00fade, ir\u00e3o organizar um encontro com o intuito de realizar uma caminhada entre o Campus e a Resid\u00eancia dos Estudantes para identificar e real\u00e7ar as dificuldades de acessibilidade at\u00e9 ao Campus Polit\u00e9cnico, usando meios de transporte alternativos e menos poluentes.<\/p>\n\n\n\n<p>O encontro conta ainda com os depoimentos de estudantes e de docentes que, usando meios alternativos para se deslocarem at\u00e9 ao Campus, encontram in\u00fameras dificuldades para fazer o percurso de forma segura.<\/p>\n\n\n\n<p>Mais informa\u00e7\u00f5es em:<\/p>\n\n\n\n<p> <\/p>\n\n\n\n<p class=\"has-text-align-center\">Ver mais <strong><a href=\"http:\/\/collaboro.ipportalegre.pt\/estg\/projetos-nacionais\/\"><\/a><strong><a href=\"http:\/\/collaboro.ipportalegre.pt\/ess\/projetos-da-tua-escola\/\">PROJETOS DA TUA ESCOLA<\/a><\/strong><\/strong><\/p>\n","protected":false},"excerpt":{"rendered":"<p>Os grupos Eco-escolas, da Escola Superior de Tecnologia, Gest\u00e3o e Design, e da Escola Superior de Sa\u00fade, ir\u00e3o organizar um encontro com o intuito de realizar uma caminhada entre o &#8230;<\/p>\n","protected":false},"author":4,"featured_media":0,"parent":119,"menu_order":1,"comment_status":"closed","ping_status":"closed","template":"","meta":{"inline_featured_image":false,"footnotes":""},"class_list":["post-445","page","type-page","status-publish","hentry"],"_links":{"self":[{"href":"https:\/\/collaboro.ipportalegre.pt\/ess\/wp-json\/wp\/v2\/pages\/445","targetHints":{"allow":["GET"]}}],"collection":[{"href":"https:\/\/collaboro.ipportalegre.pt\/ess\/wp-json\/wp\/v2\/pages"}],"about":[{"href":"https:\/\/collaboro.ipportalegre.pt\/ess\/wp-json\/wp\/v2\/types\/page"}],"author":[{"embeddable":true,"href":"https:\/\/collaboro.ipportalegre.pt\/ess\/wp-json\/wp\/v2\/users\/4"}],"replies":[{"embeddable":true,"href":"https:\/\/collaboro.ipportalegre.pt\/ess\/wp-json\/wp\/v2\/comments?post=445"}],"version-history":[{"count":1,"href":"https:\/\/collaboro.ipportalegre.pt\/ess\/wp-json\/wp\/v2\/pages\/445\/revisions"}],"predecessor-version":[{"id":446,"href":"https:\/\/collaboro.ipportalegre.pt\/ess\/wp-json\/wp\/v2\/pages\/445\/revisions\/446"}],"up":[{"embeddable":true,"href":"https:\/\/collaboro.ipportalegre.pt\/ess\/wp-json\/wp\/v2\/pages\/119"}],"wp:attachment":[{"href":"https:\/\/collaboro.ipportalegre.pt\/ess\/wp-json\/wp\/v2\/media?parent=445"}],"curies":[{"name":"wp","href":"https:\/\/api.w.org\/{rel}","templated":true}]}}