{"id":415,"date":"2024-10-21T15:11:15","date_gmt":"2024-10-21T15:11:15","guid":{"rendered":"https:\/\/collaboro.ipportalegre.pt\/ess\/?page_id=415"},"modified":"2024-10-21T15:15:57","modified_gmt":"2024-10-21T15:15:57","slug":"atividade-de-pintura-de-bancos-para-colocacao-no-espaco-exterior","status":"publish","type":"page","link":"https:\/\/collaboro.ipportalegre.pt\/ess\/projetos-da-tua-escola\/atividade-de-pintura-de-bancos-para-colocacao-no-espaco-exterior\/","title":{"rendered":"Atividade de Pintura de Bancos para coloca\u00e7\u00e3o no espa\u00e7o exterior."},"content":{"rendered":"\n<p><\/p>\n\n\n\n<figure class=\"wp-block-gallery has-nested-images columns-default is-cropped wp-block-gallery-1 is-layout-flex wp-block-gallery-is-layout-flex\">\n<figure class=\"wp-block-image size-large\"><img loading=\"lazy\" decoding=\"async\" width=\"1024\" height=\"381\" data-id=\"416\" src=\"http:\/\/collaboro.ipportalegre.pt\/ess\/wp-content\/uploads\/sites\/7\/2024\/10\/pintura-de-bancos--1024x381.jpg\" alt=\"\" class=\"wp-image-416\" srcset=\"https:\/\/collaboro.ipportalegre.pt\/ess\/wp-content\/uploads\/sites\/7\/2024\/10\/pintura-de-bancos--1024x381.jpg 1024w, https:\/\/collaboro.ipportalegre.pt\/ess\/wp-content\/uploads\/sites\/7\/2024\/10\/pintura-de-bancos--300x112.jpg 300w, https:\/\/collaboro.ipportalegre.pt\/ess\/wp-content\/uploads\/sites\/7\/2024\/10\/pintura-de-bancos--768x286.jpg 768w, https:\/\/collaboro.ipportalegre.pt\/ess\/wp-content\/uploads\/sites\/7\/2024\/10\/pintura-de-bancos-.jpg 1158w\" sizes=\"auto, (max-width: 1024px) 100vw, 1024px\" \/><\/figure>\n<\/figure>\n\n\n\n<p>Com o objetivo de reciclar antigos bancos da ESS, os estudantes da ESS, da ESTGD e da Escola B\u00e1sica da Corredoura, participaram na atividade de pintura de bancos. Algumas pinturas foram relacionadas com as quest\u00f5es ambientais, nomeadamente os pl\u00e1sticos no oceano ou as amea\u00e7as \u00e0 biodiversidade. <\/p>\n\n\n\n<p class=\"has-text-align-center\">Ver mais <strong><a href=\"http:\/\/collaboro.ipportalegre.pt\/estg\/projetos-nacionais\/\"><\/a><strong><a href=\"http:\/\/collaboro.ipportalegre.pt\/ess\/projetos-da-tua-escola\/\">PROJETOS DA TUA ESCOLA<\/a><\/strong><\/strong><\/p>\n","protected":false},"excerpt":{"rendered":"<p>Com o objetivo de reciclar antigos bancos da ESS, os estudantes da ESS, da ESTGD e da Escola B\u00e1sica da Corredoura, participaram na atividade de pintura de bancos. Algumas pinturas &#8230;<\/p>\n","protected":false},"author":4,"featured_media":0,"parent":119,"menu_order":1,"comment_status":"closed","ping_status":"closed","template":"","meta":{"inline_featured_image":false,"footnotes":""},"class_list":["post-415","page","type-page","status-publish","hentry"],"_links":{"self":[{"href":"https:\/\/collaboro.ipportalegre.pt\/ess\/wp-json\/wp\/v2\/pages\/415","targetHints":{"allow":["GET"]}}],"collection":[{"href":"https:\/\/collaboro.ipportalegre.pt\/ess\/wp-json\/wp\/v2\/pages"}],"about":[{"href":"https:\/\/collaboro.ipportalegre.pt\/ess\/wp-json\/wp\/v2\/types\/page"}],"author":[{"embeddable":true,"href":"https:\/\/collaboro.ipportalegre.pt\/ess\/wp-json\/wp\/v2\/users\/4"}],"replies":[{"embeddable":true,"href":"https:\/\/collaboro.ipportalegre.pt\/ess\/wp-json\/wp\/v2\/comments?post=415"}],"version-history":[{"count":2,"href":"https:\/\/collaboro.ipportalegre.pt\/ess\/wp-json\/wp\/v2\/pages\/415\/revisions"}],"predecessor-version":[{"id":420,"href":"https:\/\/collaboro.ipportalegre.pt\/ess\/wp-json\/wp\/v2\/pages\/415\/revisions\/420"}],"up":[{"embeddable":true,"href":"https:\/\/collaboro.ipportalegre.pt\/ess\/wp-json\/wp\/v2\/pages\/119"}],"wp:attachment":[{"href":"https:\/\/collaboro.ipportalegre.pt\/ess\/wp-json\/wp\/v2\/media?parent=415"}],"curies":[{"name":"wp","href":"https:\/\/api.w.org\/{rel}","templated":true}]}}