{"id":383,"date":"2024-10-15T14:22:53","date_gmt":"2024-10-15T14:22:53","guid":{"rendered":"https:\/\/collaboro.ipportalegre.pt\/ess\/?page_id=383"},"modified":"2024-10-15T14:22:54","modified_gmt":"2024-10-15T14:22:54","slug":"campanha-de-sensibilizacao-para-a-poupanca-de-agua","status":"publish","type":"page","link":"https:\/\/collaboro.ipportalegre.pt\/ess\/projetos-da-tua-escola\/campanha-de-sensibilizacao-para-a-poupanca-de-agua\/","title":{"rendered":"Campanha de sensibiliza\u00e7\u00e3o para a poupan\u00e7a de \u00e1gua"},"content":{"rendered":"\n<p><\/p>\n\n\n\n<figure class=\"wp-block-gallery has-nested-images columns-default is-cropped wp-block-gallery-1 is-layout-flex wp-block-gallery-is-layout-flex\">\n<figure class=\"wp-block-image size-large\"><img loading=\"lazy\" decoding=\"async\" width=\"1024\" height=\"298\" data-id=\"384\" src=\"http:\/\/collaboro.ipportalegre.pt\/ess\/wp-content\/uploads\/sites\/7\/2024\/10\/campanha-de-agua_wc--1024x298.jpg\" alt=\"\" class=\"wp-image-384\" srcset=\"https:\/\/collaboro.ipportalegre.pt\/ess\/wp-content\/uploads\/sites\/7\/2024\/10\/campanha-de-agua_wc--1024x298.jpg 1024w, https:\/\/collaboro.ipportalegre.pt\/ess\/wp-content\/uploads\/sites\/7\/2024\/10\/campanha-de-agua_wc--300x87.jpg 300w, https:\/\/collaboro.ipportalegre.pt\/ess\/wp-content\/uploads\/sites\/7\/2024\/10\/campanha-de-agua_wc--768x224.jpg 768w, https:\/\/collaboro.ipportalegre.pt\/ess\/wp-content\/uploads\/sites\/7\/2024\/10\/campanha-de-agua_wc-.jpg 1277w\" sizes=\"auto, (max-width: 1024px) 100vw, 1024px\" \/><\/figure>\n<\/figure>\n\n\n\n<h2 class=\"wp-block-heading\"><em>\u201cN\u00e3o Desperdices \u00c1gua\u201d<\/em><\/h2>\n\n\n\n<p>Para assinalar o da mundial da \u00c1gua<em>\u2013 21 de mar\u00e7o<\/em>&#8211; alguns alunos da ESTGD desenvolveram uma anima\u00e7\u00e3o para projetar no video -hall. Essa anima\u00e7\u00e3o foi posterirormente colocada<em> <\/em>nos wcs com o mote &#8220;usar apenas uma descarga de \u00e1gua pode fazer a diferen\u00e7a. <\/p>\n\n\n\n<p class=\"has-text-align-center\">Ver mais <strong><a href=\"http:\/\/collaboro.ipportalegre.pt\/estg\/projetos-nacionais\/\"><\/a><strong><a href=\"http:\/\/collaboro.ipportalegre.pt\/ess\/projetos-da-tua-escola\/\">PROJETOS DA TUA ESCOLA<\/a><\/strong><\/strong><\/p>\n","protected":false},"excerpt":{"rendered":"<p>\u201cN\u00e3o Desperdices \u00c1gua\u201d Para assinalar o da mundial da \u00c1gua\u2013 21 de mar\u00e7o&#8211; alguns alunos da ESTGD desenvolveram uma anima\u00e7\u00e3o para projetar no video -hall. Essa anima\u00e7\u00e3o foi posterirormente colocada &#8230;<\/p>\n","protected":false},"author":4,"featured_media":0,"parent":119,"menu_order":1,"comment_status":"closed","ping_status":"closed","template":"","meta":{"inline_featured_image":false,"footnotes":""},"class_list":["post-383","page","type-page","status-publish","hentry"],"_links":{"self":[{"href":"https:\/\/collaboro.ipportalegre.pt\/ess\/wp-json\/wp\/v2\/pages\/383","targetHints":{"allow":["GET"]}}],"collection":[{"href":"https:\/\/collaboro.ipportalegre.pt\/ess\/wp-json\/wp\/v2\/pages"}],"about":[{"href":"https:\/\/collaboro.ipportalegre.pt\/ess\/wp-json\/wp\/v2\/types\/page"}],"author":[{"embeddable":true,"href":"https:\/\/collaboro.ipportalegre.pt\/ess\/wp-json\/wp\/v2\/users\/4"}],"replies":[{"embeddable":true,"href":"https:\/\/collaboro.ipportalegre.pt\/ess\/wp-json\/wp\/v2\/comments?post=383"}],"version-history":[{"count":1,"href":"https:\/\/collaboro.ipportalegre.pt\/ess\/wp-json\/wp\/v2\/pages\/383\/revisions"}],"predecessor-version":[{"id":385,"href":"https:\/\/collaboro.ipportalegre.pt\/ess\/wp-json\/wp\/v2\/pages\/383\/revisions\/385"}],"up":[{"embeddable":true,"href":"https:\/\/collaboro.ipportalegre.pt\/ess\/wp-json\/wp\/v2\/pages\/119"}],"wp:attachment":[{"href":"https:\/\/collaboro.ipportalegre.pt\/ess\/wp-json\/wp\/v2\/media?parent=383"}],"curies":[{"name":"wp","href":"https:\/\/api.w.org\/{rel}","templated":true}]}}