{"id":368,"date":"2024-10-15T10:17:40","date_gmt":"2024-10-15T10:17:40","guid":{"rendered":"https:\/\/collaboro.ipportalegre.pt\/ess\/?page_id=368"},"modified":"2024-10-23T23:53:10","modified_gmt":"2024-10-23T23:53:10","slug":"atividade-de-educacao-alimentar-2","status":"publish","type":"page","link":"https:\/\/collaboro.ipportalegre.pt\/ess\/projetos-da-tua-escola\/atividade-de-educacao-alimentar-2\/","title":{"rendered":"Atividade de educa\u00e7\u00e3o alimentar"},"content":{"rendered":"\n<p><\/p>\n\n\n\n<figure class=\"wp-block-gallery has-nested-images columns-default is-cropped wp-block-gallery-1 is-layout-flex wp-block-gallery-is-layout-flex\">\n<figure class=\"wp-block-image size-full is-style-default\"><img loading=\"lazy\" decoding=\"async\" width=\"854\" height=\"384\" data-id=\"307\" src=\"http:\/\/collaboro.ipportalegre.pt\/ess\/wp-content\/uploads\/sites\/7\/2023\/03\/aliment-4.jpg\" alt=\"\" class=\"wp-image-307\" srcset=\"https:\/\/collaboro.ipportalegre.pt\/ess\/wp-content\/uploads\/sites\/7\/2023\/03\/aliment-4.jpg 854w, https:\/\/collaboro.ipportalegre.pt\/ess\/wp-content\/uploads\/sites\/7\/2023\/03\/aliment-4-300x135.jpg 300w, https:\/\/collaboro.ipportalegre.pt\/ess\/wp-content\/uploads\/sites\/7\/2023\/03\/aliment-4-768x345.jpg 768w\" sizes=\"auto, (max-width: 854px) 100vw, 854px\" \/><\/figure>\n<\/figure>\n\n\n\n<p><\/p>\n\n\n\n<p>No \u00e2mbito da UC de pediatria e obstetr\u00edcia, realizou-se  no dia 27 de fevereiro, uma atividade de educa\u00e7\u00e3o ambiental relativa `a quantidade de mat\u00e9ria gorda e a\u00e7ucares nos diferentes alimentos com, o objetivo de sensibilizar os estudantes para uma alimenta\u00e7\u00e3o mas saud\u00e1vel. <\/p>\n\n\n\n<p><\/p>\n\n\n\n<p class=\"has-text-align-center\">Ver mais <strong><a href=\"http:\/\/collaboro.ipportalegre.pt\/estg\/projetos-nacionais\/\"><\/a><strong><a href=\"http:\/\/collaboro.ipportalegre.pt\/ess\/projetos-da-tua-escola\/\">PROJETOS DA TUA ESCOLA<\/a><\/strong><\/strong><\/p>\n","protected":false},"excerpt":{"rendered":"<p>No \u00e2mbito da UC de pediatria e obstetr\u00edcia, realizou-se no dia 27 de fevereiro, uma atividade de educa\u00e7\u00e3o ambiental relativa `a quantidade de mat\u00e9ria gorda e a\u00e7ucares nos diferentes alimentos &#8230;<\/p>\n","protected":false},"author":4,"featured_media":0,"parent":119,"menu_order":1,"comment_status":"closed","ping_status":"closed","template":"","meta":{"inline_featured_image":false,"footnotes":""},"class_list":["post-368","page","type-page","status-publish","hentry"],"_links":{"self":[{"href":"https:\/\/collaboro.ipportalegre.pt\/ess\/wp-json\/wp\/v2\/pages\/368","targetHints":{"allow":["GET"]}}],"collection":[{"href":"https:\/\/collaboro.ipportalegre.pt\/ess\/wp-json\/wp\/v2\/pages"}],"about":[{"href":"https:\/\/collaboro.ipportalegre.pt\/ess\/wp-json\/wp\/v2\/types\/page"}],"author":[{"embeddable":true,"href":"https:\/\/collaboro.ipportalegre.pt\/ess\/wp-json\/wp\/v2\/users\/4"}],"replies":[{"embeddable":true,"href":"https:\/\/collaboro.ipportalegre.pt\/ess\/wp-json\/wp\/v2\/comments?post=368"}],"version-history":[{"count":3,"href":"https:\/\/collaboro.ipportalegre.pt\/ess\/wp-json\/wp\/v2\/pages\/368\/revisions"}],"predecessor-version":[{"id":378,"href":"https:\/\/collaboro.ipportalegre.pt\/ess\/wp-json\/wp\/v2\/pages\/368\/revisions\/378"}],"up":[{"embeddable":true,"href":"https:\/\/collaboro.ipportalegre.pt\/ess\/wp-json\/wp\/v2\/pages\/119"}],"wp:attachment":[{"href":"https:\/\/collaboro.ipportalegre.pt\/ess\/wp-json\/wp\/v2\/media?parent=368"}],"curies":[{"name":"wp","href":"https:\/\/api.w.org\/{rel}","templated":true}]}}