{"id":361,"date":"2024-10-15T09:57:22","date_gmt":"2024-10-15T09:57:22","guid":{"rendered":"https:\/\/collaboro.ipportalegre.pt\/ess\/?page_id=361"},"modified":"2024-10-15T09:57:22","modified_gmt":"2024-10-15T09:57:22","slug":"inauguracao-eco-trilho","status":"publish","type":"page","link":"https:\/\/collaboro.ipportalegre.pt\/ess\/projetos-da-tua-escola\/inauguracao-eco-trilho\/","title":{"rendered":"Inaugura\u00e7\u00e3o Eco-trilho"},"content":{"rendered":"\n<p><\/p>\n\n\n\n<figure class=\"wp-block-gallery has-nested-images columns-default is-cropped wp-block-gallery-1 is-layout-flex wp-block-gallery-is-layout-flex\">\n<figure class=\"wp-block-image size-full is-style-default\"><img loading=\"lazy\" decoding=\"async\" width=\"1828\" height=\"823\" data-id=\"363\" src=\"https:\/\/collaboro.ipportalegre.pt\/ess\/wp-content\/uploads\/sites\/7\/2024\/10\/Inauguracao-do-eco-trilho-.jpg_23.jpg\" alt=\"\" class=\"wp-image-363\" srcset=\"https:\/\/collaboro.ipportalegre.pt\/ess\/wp-content\/uploads\/sites\/7\/2024\/10\/Inauguracao-do-eco-trilho-.jpg_23.jpg 1828w, https:\/\/collaboro.ipportalegre.pt\/ess\/wp-content\/uploads\/sites\/7\/2024\/10\/Inauguracao-do-eco-trilho-.jpg_23-300x135.jpg 300w, https:\/\/collaboro.ipportalegre.pt\/ess\/wp-content\/uploads\/sites\/7\/2024\/10\/Inauguracao-do-eco-trilho-.jpg_23-1024x461.jpg 1024w, https:\/\/collaboro.ipportalegre.pt\/ess\/wp-content\/uploads\/sites\/7\/2024\/10\/Inauguracao-do-eco-trilho-.jpg_23-768x346.jpg 768w, https:\/\/collaboro.ipportalegre.pt\/ess\/wp-content\/uploads\/sites\/7\/2024\/10\/Inauguracao-do-eco-trilho-.jpg_23-1536x692.jpg 1536w\" sizes=\"auto, (max-width: 1828px) 100vw, 1828px\" \/><\/figure>\n<\/figure>\n\n\n\n<p><\/p>\n\n\n\n<h2 class=\"wp-block-heading has-medium-font-size\" style=\"text-transform:uppercase\">Campus polit\u00e9cnico inaugura eco-trilho<\/h2>\n\n\n\n<h2 class=\"wp-block-heading has-medium-font-size\">Um trilho para desporto e observa\u00e7\u00e3o da biodiversidade<\/h2>\n\n\n\n<p>O Campus Polit\u00e9cnico inaugurou no dia 5 de junho, Dia Internacional do Ambiente, um Eco-trilho que permitir\u00e1 a pr\u00e1tica desportiva e a observa\u00e7\u00e3o da biodiversidade que existe no Campus.<\/p>\n\n\n\n<p>O percurso tem aproximadamente 2 km de extens\u00e3o e permite a realiza\u00e7\u00e3o de corrida e de caminhada. Ao longo do percurso existem 5 paragens assinaladas.<\/p>\n\n\n\n<p>Duas destas paragens permitem conhecer melhor a biodiversidade do local, atrav\u00e9s das informa\u00e7\u00f5es cient\u00edficas disponibilizadas nos pain\u00e9is informativos que integram o percurso.<\/p>\n\n\n\n<p>Conhe\u00e7a o percurso aqui:<\/p>\n\n\n\n<p><a href=\"https:\/\/pt.wikiloc.com\/trilhas-trekking\/eco-escolas-eco-trilho-campus-pportalegre-135869070\">https:\/\/pt.wikiloc.com\/trilhas-trekking\/eco-escolas-eco-trilho-campus-pportalegre-135869070<\/a><\/p>\n\n\n\n<figure class=\"wp-block-image size-full is-resized\"><img loading=\"lazy\" decoding=\"async\" width=\"758\" height=\"907\" src=\"https:\/\/collaboro.ipportalegre.pt\/ess\/wp-content\/uploads\/sites\/7\/2024\/10\/Inauguracao-do-eco-trilho-.jpg\" alt=\"\" class=\"wp-image-362\" style=\"width:840px;height:auto\" srcset=\"https:\/\/collaboro.ipportalegre.pt\/ess\/wp-content\/uploads\/sites\/7\/2024\/10\/Inauguracao-do-eco-trilho-.jpg 758w, https:\/\/collaboro.ipportalegre.pt\/ess\/wp-content\/uploads\/sites\/7\/2024\/10\/Inauguracao-do-eco-trilho--251x300.jpg 251w\" sizes=\"auto, (max-width: 758px) 100vw, 758px\" \/><\/figure>\n\n\n\n<p class=\"has-text-align-center\">Ver mais <strong><a href=\"http:\/\/collaboro.ipportalegre.pt\/estg\/projetos-nacionais\/\"><\/a><strong><a href=\"http:\/\/collaboro.ipportalegre.pt\/ess\/projetos-da-tua-escola\/\">PROJETOS DA TUA ESCOLA<\/a><\/strong><\/strong><\/p>\n","protected":false},"excerpt":{"rendered":"<p>Campus polit\u00e9cnico inaugura eco-trilho Um trilho para desporto e observa\u00e7\u00e3o da biodiversidade O Campus Polit\u00e9cnico inaugurou no dia 5 de junho, Dia Internacional do Ambiente, um Eco-trilho que permitir\u00e1 a &#8230;<\/p>\n","protected":false},"author":4,"featured_media":0,"parent":119,"menu_order":1,"comment_status":"closed","ping_status":"closed","template":"","meta":{"inline_featured_image":false,"footnotes":""},"class_list":["post-361","page","type-page","status-publish","hentry"],"_links":{"self":[{"href":"https:\/\/collaboro.ipportalegre.pt\/ess\/wp-json\/wp\/v2\/pages\/361","targetHints":{"allow":["GET"]}}],"collection":[{"href":"https:\/\/collaboro.ipportalegre.pt\/ess\/wp-json\/wp\/v2\/pages"}],"about":[{"href":"https:\/\/collaboro.ipportalegre.pt\/ess\/wp-json\/wp\/v2\/types\/page"}],"author":[{"embeddable":true,"href":"https:\/\/collaboro.ipportalegre.pt\/ess\/wp-json\/wp\/v2\/users\/4"}],"replies":[{"embeddable":true,"href":"https:\/\/collaboro.ipportalegre.pt\/ess\/wp-json\/wp\/v2\/comments?post=361"}],"version-history":[{"count":1,"href":"https:\/\/collaboro.ipportalegre.pt\/ess\/wp-json\/wp\/v2\/pages\/361\/revisions"}],"predecessor-version":[{"id":364,"href":"https:\/\/collaboro.ipportalegre.pt\/ess\/wp-json\/wp\/v2\/pages\/361\/revisions\/364"}],"up":[{"embeddable":true,"href":"https:\/\/collaboro.ipportalegre.pt\/ess\/wp-json\/wp\/v2\/pages\/119"}],"wp:attachment":[{"href":"https:\/\/collaboro.ipportalegre.pt\/ess\/wp-json\/wp\/v2\/media?parent=361"}],"curies":[{"name":"wp","href":"https:\/\/api.w.org\/{rel}","templated":true}]}}