{"id":352,"date":"2024-10-15T09:40:58","date_gmt":"2024-10-15T09:40:58","guid":{"rendered":"https:\/\/collaboro.ipportalegre.pt\/ess\/?page_id=352"},"modified":"2024-10-15T09:40:59","modified_gmt":"2024-10-15T09:40:59","slug":"recolha-de-residuos-mais-eco-no-campus","status":"publish","type":"page","link":"https:\/\/collaboro.ipportalegre.pt\/ess\/projetos-da-tua-escola\/recolha-de-residuos-mais-eco-no-campus\/","title":{"rendered":"Recolha de res\u00edduos mais eco, no campus!"},"content":{"rendered":"\n<p><\/p>\n\n\n\n<figure class=\"wp-block-gallery has-nested-images columns-default is-cropped wp-block-gallery-1 is-layout-flex wp-block-gallery-is-layout-flex\">\n<figure class=\"wp-block-image size-full is-style-default\"><img loading=\"lazy\" decoding=\"async\" width=\"693\" height=\"1231\" data-id=\"353\" src=\"http:\/\/collaboro.ipportalegre.pt\/ess\/wp-content\/uploads\/sites\/7\/2024\/10\/eco_ilhas-23.jpg\" alt=\"\" class=\"wp-image-353\" srcset=\"https:\/\/collaboro.ipportalegre.pt\/ess\/wp-content\/uploads\/sites\/7\/2024\/10\/eco_ilhas-23.jpg 693w, https:\/\/collaboro.ipportalegre.pt\/ess\/wp-content\/uploads\/sites\/7\/2024\/10\/eco_ilhas-23-169x300.jpg 169w, https:\/\/collaboro.ipportalegre.pt\/ess\/wp-content\/uploads\/sites\/7\/2024\/10\/eco_ilhas-23-576x1024.jpg 576w\" sizes=\"auto, (max-width: 693px) 100vw, 693px\" \/><\/figure>\n<\/figure>\n\n\n\n<h2 class=\"wp-block-heading has-medium-font-size\">ECO\u00cdLHAS para separa\u00e7\u00e3o da recolha de res\u00edduos no Campus Polit\u00e9cnico<\/h2>\n\n\n\n<p>A partir de maio de 2023, o Campus Polit\u00e9cnico tem uma recolha seletiva dos principais res\u00edduos produzidos: papel, pl\u00e1stico, vidro, org\u00e2nico e lixo indiferenciado.<\/p>\n\n\n\n<p>Esta separa\u00e7\u00e3o ser\u00e1 fundamental na gest\u00e3o dos res\u00edduos produzidos no Campus, mas tamb\u00e9m no complemento \u00e0 forma\u00e7\u00e3o, uma vez que permite \u00e0 comunidade acad\u00e9mica realizar comportamentos mais sustent\u00e1veis. Os tradicionais caixotes do lixo foram retirados e substitu\u00eddos por eco\u00edlhas, onde a separa\u00e7\u00e3o dos res\u00edduos e a coloca\u00e7\u00e3o no contentor adequado facilita e fomenta comportamentos mais amigos do ambiente.<\/p>\n\n\n\n<p><\/p>\n\n\n\n<p class=\"has-text-align-center\">Ver mais <strong><a href=\"http:\/\/collaboro.ipportalegre.pt\/estg\/projetos-nacionais\/\"><\/a><strong><a href=\"http:\/\/collaboro.ipportalegre.pt\/ess\/projetos-da-tua-escola\/\">PROJETOS DA TUA ESCOLA<\/a><\/strong><\/strong><\/p>\n","protected":false},"excerpt":{"rendered":"<p>ECO\u00cdLHAS para separa\u00e7\u00e3o da recolha de res\u00edduos no Campus Polit\u00e9cnico A partir de maio de 2023, o Campus Polit\u00e9cnico tem uma recolha seletiva dos principais res\u00edduos produzidos: papel, pl\u00e1stico, vidro, &#8230;<\/p>\n","protected":false},"author":4,"featured_media":0,"parent":119,"menu_order":1,"comment_status":"closed","ping_status":"closed","template":"","meta":{"inline_featured_image":false,"footnotes":""},"class_list":["post-352","page","type-page","status-publish","hentry"],"_links":{"self":[{"href":"https:\/\/collaboro.ipportalegre.pt\/ess\/wp-json\/wp\/v2\/pages\/352","targetHints":{"allow":["GET"]}}],"collection":[{"href":"https:\/\/collaboro.ipportalegre.pt\/ess\/wp-json\/wp\/v2\/pages"}],"about":[{"href":"https:\/\/collaboro.ipportalegre.pt\/ess\/wp-json\/wp\/v2\/types\/page"}],"author":[{"embeddable":true,"href":"https:\/\/collaboro.ipportalegre.pt\/ess\/wp-json\/wp\/v2\/users\/4"}],"replies":[{"embeddable":true,"href":"https:\/\/collaboro.ipportalegre.pt\/ess\/wp-json\/wp\/v2\/comments?post=352"}],"version-history":[{"count":1,"href":"https:\/\/collaboro.ipportalegre.pt\/ess\/wp-json\/wp\/v2\/pages\/352\/revisions"}],"predecessor-version":[{"id":354,"href":"https:\/\/collaboro.ipportalegre.pt\/ess\/wp-json\/wp\/v2\/pages\/352\/revisions\/354"}],"up":[{"embeddable":true,"href":"https:\/\/collaboro.ipportalegre.pt\/ess\/wp-json\/wp\/v2\/pages\/119"}],"wp:attachment":[{"href":"https:\/\/collaboro.ipportalegre.pt\/ess\/wp-json\/wp\/v2\/media?parent=352"}],"curies":[{"name":"wp","href":"https:\/\/api.w.org\/{rel}","templated":true}]}}