{"id":283,"date":"2023-03-09T10:36:26","date_gmt":"2023-03-09T10:36:26","guid":{"rendered":"http:\/\/collaboro.ipportalegre.pt\/ess\/?page_id=283"},"modified":"2023-03-24T13:05:46","modified_gmt":"2023-03-24T13:05:46","slug":"workshop-de-construcao-de-ninhos","status":"publish","type":"page","link":"https:\/\/collaboro.ipportalegre.pt\/ess\/projetos-da-tua-escola\/workshop-de-construcao-de-ninhos\/","title":{"rendered":"Workshop de constru\u00e7\u00e3o de ninhos"},"content":{"rendered":"\n<figure class=\"wp-block-gallery has-nested-images columns-default is-cropped wp-block-gallery-1 is-layout-flex wp-block-gallery-is-layout-flex\">\n<figure class=\"wp-block-image size-large\"><img loading=\"lazy\" decoding=\"async\" width=\"768\" height=\"576\" data-id=\"286\" src=\"http:\/\/collaboro.ipportalegre.pt\/ess\/wp-content\/uploads\/sites\/7\/2023\/03\/ninhos1-edited.jpeg\" alt=\"\" class=\"wp-image-286\" srcset=\"https:\/\/collaboro.ipportalegre.pt\/ess\/wp-content\/uploads\/sites\/7\/2023\/03\/ninhos1-edited.jpeg 768w, https:\/\/collaboro.ipportalegre.pt\/ess\/wp-content\/uploads\/sites\/7\/2023\/03\/ninhos1-edited-300x225.jpeg 300w\" sizes=\"auto, (max-width: 768px) 100vw, 768px\" \/><\/figure>\n<\/figure>\n\n\n\n<p><\/p>\n\n\n\n<p class=\"has-text-align-left\">No \u00e2mbito do Projeto Eco-Escolas da ESS-IPP, realizou-se, durante o dia 9 de mar\u00e7o, um workshop de constru\u00e7\u00e3o e coloca\u00e7\u00e3o de ninhos, com a colabora\u00e7\u00e3o do ICNF. Atrav\u00e9s desta iniciativa pretende-se criar mais locais de abrigo e nidifica\u00e7\u00e3o para esp\u00e9cies como os chapins, carri\u00e7as e trepadeiras-comuns. As aves aumentam a biodiversidade e ajudam a controlar as pragas permitindo a redu\u00e7\u00e3o de pesticidas.<\/p>\n\n\n\n<div class=\"wp-block-columns is-layout-flex wp-container-core-columns-is-layout-9d6595d7 wp-block-columns-is-layout-flex\">\n<div class=\"wp-block-column is-layout-flow wp-block-column-is-layout-flow\" style=\"flex-basis:100%\">\n<div class=\"wp-block-group\"><div class=\"wp-block-group__inner-container is-layout-constrained wp-block-group-is-layout-constrained\">\n<div class=\"wp-block-columns is-layout-flex wp-container-core-columns-is-layout-9d6595d7 wp-block-columns-is-layout-flex\">\n<div class=\"wp-block-column is-layout-flow wp-block-column-is-layout-flow\" style=\"flex-basis:100%\">\n<div class=\"wp-block-group is-nowrap is-layout-flex wp-container-core-group-is-layout-ad2f72ca wp-block-group-is-layout-flex\">\n<figure class=\"wp-block-image size-large is-resized\"><img loading=\"lazy\" decoding=\"async\" src=\"http:\/\/collaboro.ipportalegre.pt\/ess\/wp-content\/uploads\/sites\/7\/2023\/03\/ninhos-2.jpeg\" alt=\"\" class=\"wp-image-289\" width=\"509\" height=\"381\" srcset=\"https:\/\/collaboro.ipportalegre.pt\/ess\/wp-content\/uploads\/sites\/7\/2023\/03\/ninhos-2.jpeg 1024w, https:\/\/collaboro.ipportalegre.pt\/ess\/wp-content\/uploads\/sites\/7\/2023\/03\/ninhos-2-300x225.jpeg 300w, https:\/\/collaboro.ipportalegre.pt\/ess\/wp-content\/uploads\/sites\/7\/2023\/03\/ninhos-2-768x576.jpeg 768w\" sizes=\"auto, (max-width: 509px) 100vw, 509px\" \/><\/figure>\n\n\n\n<figure class=\"wp-block-image size-full is-resized\"><img loading=\"lazy\" decoding=\"async\" src=\"http:\/\/collaboro.ipportalegre.pt\/ess\/wp-content\/uploads\/sites\/7\/2023\/03\/ninhos-3.jpeg\" alt=\"\" class=\"wp-image-288\" width=\"296\" height=\"394\" srcset=\"https:\/\/collaboro.ipportalegre.pt\/ess\/wp-content\/uploads\/sites\/7\/2023\/03\/ninhos-3.jpeg 768w, https:\/\/collaboro.ipportalegre.pt\/ess\/wp-content\/uploads\/sites\/7\/2023\/03\/ninhos-3-225x300.jpeg 225w\" sizes=\"auto, (max-width: 296px) 100vw, 296px\" \/><\/figure>\n<\/div>\n\n\n\n<p><\/p>\n<\/div>\n<\/div>\n<\/div><\/div>\n<\/div>\n<\/div>\n\n\n\n<p class=\"has-text-align-center\">Ver mais <strong><a href=\"http:\/\/collaboro.ipportalegre.pt\/estg\/projetos-nacionais\/\"><\/a><strong><a href=\"http:\/\/collaboro.ipportalegre.pt\/ess\/projetos-da-tua-escola\/\">PROJETOS DA TUA ESCOLA<\/a><\/strong><\/strong><\/p>\n","protected":false},"excerpt":{"rendered":"<p>No \u00e2mbito do Projeto Eco-Escolas da ESS-IPP, realizou-se, durante o dia 9 de mar\u00e7o, um workshop de constru\u00e7\u00e3o e coloca\u00e7\u00e3o de ninhos, com a colabora\u00e7\u00e3o do ICNF. Atrav\u00e9s desta iniciativa &#8230;<\/p>\n","protected":false},"author":4,"featured_media":0,"parent":119,"menu_order":2,"comment_status":"closed","ping_status":"closed","template":"","meta":{"inline_featured_image":false,"footnotes":""},"class_list":["post-283","page","type-page","status-publish","hentry"],"_links":{"self":[{"href":"https:\/\/collaboro.ipportalegre.pt\/ess\/wp-json\/wp\/v2\/pages\/283","targetHints":{"allow":["GET"]}}],"collection":[{"href":"https:\/\/collaboro.ipportalegre.pt\/ess\/wp-json\/wp\/v2\/pages"}],"about":[{"href":"https:\/\/collaboro.ipportalegre.pt\/ess\/wp-json\/wp\/v2\/types\/page"}],"author":[{"embeddable":true,"href":"https:\/\/collaboro.ipportalegre.pt\/ess\/wp-json\/wp\/v2\/users\/4"}],"replies":[{"embeddable":true,"href":"https:\/\/collaboro.ipportalegre.pt\/ess\/wp-json\/wp\/v2\/comments?post=283"}],"version-history":[{"count":2,"href":"https:\/\/collaboro.ipportalegre.pt\/ess\/wp-json\/wp\/v2\/pages\/283\/revisions"}],"predecessor-version":[{"id":290,"href":"https:\/\/collaboro.ipportalegre.pt\/ess\/wp-json\/wp\/v2\/pages\/283\/revisions\/290"}],"up":[{"embeddable":true,"href":"https:\/\/collaboro.ipportalegre.pt\/ess\/wp-json\/wp\/v2\/pages\/119"}],"wp:attachment":[{"href":"https:\/\/collaboro.ipportalegre.pt\/ess\/wp-json\/wp\/v2\/media?parent=283"}],"curies":[{"name":"wp","href":"https:\/\/api.w.org\/{rel}","templated":true}]}}