{"id":284,"date":"2022-10-26T09:41:54","date_gmt":"2022-10-26T09:41:54","guid":{"rendered":"http:\/\/collaboro.ipportalegre.pt\/ecocampuspolitecnico\/?page_id=284"},"modified":"2025-05-12T09:52:11","modified_gmt":"2025-05-12T09:52:11","slug":"biodiversidade","status":"publish","type":"page","link":"https:\/\/collaboro.ipportalegre.pt\/ecocampuspolitecnico\/outros-projetos-e-noticias\/biodiversidade\/","title":{"rendered":"Biodiversidade"},"content":{"rendered":"\n<figure class=\"wp-block-image size-full\"><img loading=\"lazy\" decoding=\"async\" width=\"989\" height=\"531\" src=\"http:\/\/collaboro.ipportalegre.pt\/ecocampuspolitecnico\/wp-content\/uploads\/sites\/9\/2023\/01\/2Hyvarila.jpg\" alt=\"\" class=\"wp-image-569\" srcset=\"https:\/\/collaboro.ipportalegre.pt\/ecocampuspolitecnico\/wp-content\/uploads\/sites\/9\/2023\/01\/2Hyvarila.jpg 989w, https:\/\/collaboro.ipportalegre.pt\/ecocampuspolitecnico\/wp-content\/uploads\/sites\/9\/2023\/01\/2Hyvarila-300x161.jpg 300w, https:\/\/collaboro.ipportalegre.pt\/ecocampuspolitecnico\/wp-content\/uploads\/sites\/9\/2023\/01\/2Hyvarila-768x412.jpg 768w\" sizes=\"auto, (max-width: 989px) 100vw, 989px\" \/><figcaption class=\"wp-element-caption\">Sinal\u00e9tica realizada pelos participantes volunt\u00e1rios para identifica\u00e7\u00e3o das atividades realizadas no \u00e2mbito do projeto<\/figcaption><\/figure>\n\n\n\n<div style=\"height:30px\" aria-hidden=\"true\" class=\"wp-block-spacer\"><\/div>\n\n\n\n<h2 class=\"wp-block-heading\" style=\"text-transform:uppercase\"><strong>Preserva\u00e7\u00e3o da Biodiversidade<\/strong> <\/h2>\n\n\n\n<p class=\"has-text-color has-medium-font-size\" style=\"color:#fdc300\">Hyv\u00e4ril\u00e4 Youth Centre, Nurmes, Finl\u00e2ndia<\/p>\n\n\n\n<p>O Hyv\u00e4ril\u00e4 Youth Centre em Nurmes, na Finl\u00e2ndia, atrav\u00e9s de metodologias baseadas na aprendizagem pela pr\u00e1tica, est\u00e1 a promover atividades de educa\u00e7\u00e3o ambiental para os seus estudantes. Um desses projetos consistiu na planta\u00e7\u00e3o de um prado de flores silvestres, como parte de um projeto maior de preserva\u00e7\u00e3o da biodiversidade. V\u00e1rias associa\u00e7\u00f5es locais juntaram-se a esta iniciativa, ajudando com as pr\u00f3prias m\u00e3os, e fornecendo conhecimentos e t\u00e9cnicas tradicionais daquela regi\u00e3<\/p>\n\n\n\n<p>No cultivo foram utilizadas apenas esp\u00e9cies end\u00f3genas, contribuindo para a preserva\u00e7\u00e3o das esp\u00e9cies e da biodiversidade, e proporcionando excelentes habitats para muitas esp\u00e9cies animais. Atualmente o prado de flores silvestres \u00e9 utilizado para a realiza\u00e7\u00e3o de aulas sobre biodiversidade e t\u00e9cnicas tradicionais de cultivo, contribuindo ainda para o enriquecimento e preserva\u00e7\u00e3o da cultura finlandesa.<\/p>\n\n\n\n<p>O projeto \u00e9 cofinanciado pelo Programa do Corpo de Solidariedade Europeu, nos pr\u00f3ximos cinco anos, e envolve pelo menos 70 volunt\u00e1rios locais e internacionais.<\/p>\n\n\n\n<p><a href=\"https:\/\/www.fee.global\/news-stories\/2022\/11\/17\/biodiversity-preservation-in-hyvril-youth-centre-nurmes-finland\">https:\/\/www.fee.global\/news-stories\/2022\/11\/17\/biodiversity-preservation-in-hyvril-youth-centre-nurmes-finland<\/a><\/p>\n\n\n\n<div class=\"wp-block-file\"><a id=\"wp-block-file--media-670205ce-a8e3-4d7e-ae3e-f2e9a02797fc\" href=\"http:\/\/collaboro.ipportalegre.pt\/ecocampuspolitecnico\/wp-content\/uploads\/sites\/9\/2022\/10\/Exemplos-Monitoriza\u00e7\u00e3o-e-Avalia\u00e7\u00e3o.pdf\" target=\"_blank\" rel=\"noreferrer noopener\">Exemplos de Monitoriza\u00e7\u00e3o e Avalia\u00e7\u00e3o<\/a><a href=\"http:\/\/collaboro.ipportalegre.pt\/ecocampuspolitecnico\/wp-content\/uploads\/sites\/9\/2022\/10\/Exemplos-Monitoriza\u00e7\u00e3o-e-Avalia\u00e7\u00e3o.pdf\" class=\"wp-block-file__button wp-element-button\" download aria-describedby=\"wp-block-file--media-670205ce-a8e3-4d7e-ae3e-f2e9a02797fc\">Descarregar<\/a><\/div>\n\n\n\n<div style=\"height:50px\" aria-hidden=\"true\" class=\"wp-block-spacer\"><\/div>\n\n\n\n<p class=\"has-text-align-center\">Ver mais <strong><strong><strong><a href=\"http:\/\/collaboro.ipportalegre.pt\/ecocampuspolitecnico\/outros-projetos-e-noticias\/\" data-type=\"page\" data-id=\"43\">OUTROS PROJETOS E NOT\u00cdCIAS<\/a><\/strong><\/strong><\/strong><\/p>\n","protected":false},"excerpt":{"rendered":"<p>Preserva\u00e7\u00e3o da Biodiversidade Hyv\u00e4ril\u00e4 Youth Centre, Nurmes, Finl\u00e2ndia O Hyv\u00e4ril\u00e4 Youth Centre em Nurmes, na Finl\u00e2ndia, atrav\u00e9s de metodologias baseadas na aprendizagem pela pr\u00e1tica, est\u00e1 a promover atividades de educa\u00e7\u00e3o &#8230;<\/p>\n","protected":false},"author":2,"featured_media":480,"parent":43,"menu_order":2,"comment_status":"closed","ping_status":"closed","template":"","meta":{"inline_featured_image":false,"footnotes":""},"class_list":["post-284","page","type-page","status-publish","has-post-thumbnail","hentry"],"_links":{"self":[{"href":"https:\/\/collaboro.ipportalegre.pt\/ecocampuspolitecnico\/wp-json\/wp\/v2\/pages\/284","targetHints":{"allow":["GET"]}}],"collection":[{"href":"https:\/\/collaboro.ipportalegre.pt\/ecocampuspolitecnico\/wp-json\/wp\/v2\/pages"}],"about":[{"href":"https:\/\/collaboro.ipportalegre.pt\/ecocampuspolitecnico\/wp-json\/wp\/v2\/types\/page"}],"author":[{"embeddable":true,"href":"https:\/\/collaboro.ipportalegre.pt\/ecocampuspolitecnico\/wp-json\/wp\/v2\/users\/2"}],"replies":[{"embeddable":true,"href":"https:\/\/collaboro.ipportalegre.pt\/ecocampuspolitecnico\/wp-json\/wp\/v2\/comments?post=284"}],"version-history":[{"count":27,"href":"https:\/\/collaboro.ipportalegre.pt\/ecocampuspolitecnico\/wp-json\/wp\/v2\/pages\/284\/revisions"}],"predecessor-version":[{"id":1327,"href":"https:\/\/collaboro.ipportalegre.pt\/ecocampuspolitecnico\/wp-json\/wp\/v2\/pages\/284\/revisions\/1327"}],"up":[{"embeddable":true,"href":"https:\/\/collaboro.ipportalegre.pt\/ecocampuspolitecnico\/wp-json\/wp\/v2\/pages\/43"}],"wp:featuredmedia":[{"embeddable":true,"href":"https:\/\/collaboro.ipportalegre.pt\/ecocampuspolitecnico\/wp-json\/wp\/v2\/media\/480"}],"wp:attachment":[{"href":"https:\/\/collaboro.ipportalegre.pt\/ecocampuspolitecnico\/wp-json\/wp\/v2\/media?parent=284"}],"curies":[{"name":"wp","href":"https:\/\/api.w.org\/{rel}","templated":true}]}}