{"id":1230,"date":"2025-02-03T12:28:33","date_gmt":"2025-02-03T12:28:33","guid":{"rendered":"https:\/\/collaboro.ipportalegre.pt\/ecocampuspolitecnico\/?page_id=1230"},"modified":"2025-05-12T09:51:31","modified_gmt":"2025-05-12T09:51:31","slug":"high-school-sustainability-guide","status":"publish","type":"page","link":"https:\/\/collaboro.ipportalegre.pt\/ecocampuspolitecnico\/outros-projetos-e-noticias\/high-school-sustainability-guide\/","title":{"rendered":"HIGH SCHOOL SUSTAINABILITY GUIDE"},"content":{"rendered":"\n<figure class=\"wp-block-embed is-type-wp-embed is-provider-high-school-sustainability-guide wp-block-embed-high-school-sustainability-guide\"><div class=\"wp-block-embed__wrapper\">\n<blockquote class=\"wp-embedded-content\" data-secret=\"d4MPyujQpg\"><a href=\"https:\/\/highschoolsustainabilityguide.org\/\">Homepage<\/a><\/blockquote><iframe loading=\"lazy\" class=\"wp-embedded-content\" sandbox=\"allow-scripts\" security=\"restricted\" style=\"position: absolute; visibility: hidden;\" title=\"&#8220;Homepage&#8221; &#8212; High School Sustainability Guide\" src=\"https:\/\/highschoolsustainabilityguide.org\/embed\/#?secret=zY7Zlz5FkP#?secret=d4MPyujQpg\" data-secret=\"d4MPyujQpg\" width=\"600\" height=\"338\" frameborder=\"0\" marginwidth=\"0\" marginheight=\"0\" scrolling=\"no\"><\/iframe>\n<\/div><\/figure>\n\n\n\n<div style=\"height:30px\" aria-hidden=\"true\" class=\"wp-block-spacer\"><\/div>\n\n\n\n<h2 class=\"wp-block-heading\" style=\"text-transform:uppercase\">HIGH SCHOOL SUSTAINABILITY GUIDE<\/h2>\n\n\n\n<p class=\"has-text-color has-medium-font-size\" style=\"color:#fdc300\">www.highschoolsustainabilityguide.org<\/p>\n\n\n\n<p>&#8220;O HSSG \u00e9 um guia abrangente desenvolvido por alunos do ensino superior, contendo calculadoras de carbono f\u00e1ceis de utilizar, concebidas especificamente para as escolas. O site \u00e9 composto por quatro calculadoras de carbono, cada uma para uma categoria diferente da pegada de carbono de uma escola: eletricidade, g\u00e1s, embalagens alimentares e transportes. Com estas calculadoras, os alunos podem tomar a iniciativa de determinar o impacto ambiental da sua escola e, mais importante, tomar medidas para o reduzir. O HSSG tem sugest\u00f5es simples e econ\u00f3micas para criar e implementar solu\u00e7\u00f5es verdes. Ao longo do processo, acreditamos que os alunos estar\u00e3o mais bem equipados para assumir os seus pr\u00f3prios projetos e adquirir\u00e3o importantes compet\u00eancias de lideran\u00e7a que os orientar\u00e3o para se tornarem agentes de mudan\u00e7a confiantes. Tal como a natureza din\u00e2mica da nossa Terra, o HSSG reflectir\u00e1 o estado em constante mudan\u00e7a das altera\u00e7\u00f5es clim\u00e1ticas \u00e0 medida que cada vez mais solu\u00e7\u00f5es inovadoras se tornem dispon\u00edveis.<\/p>\n\n\n\n<p>N\u00e3o ser\u00e1 uma corpora\u00e7\u00e3o, uma entidade, uma pessoa, que resolver\u00e1 as altera\u00e7\u00f5es clim\u00e1ticas \u2014 seremos todos n\u00f3s. Por isso, da pr\u00f3xima vez que pensar que as suas contribui\u00e7\u00f5es n\u00e3o importam, pense novamente.&#8221;<\/p>\n\n\n\n<p class=\"has-small-font-size\">Tradu\u00e7\u00e3o livre retirada de: <a href=\"https:\/\/highschoolsustainabilityguide.org\/about-us\/\">https:\/\/highschoolsustainabilityguide.org\/about-us\/<\/a><\/p>\n\n\n\n<div style=\"height:50px\" aria-hidden=\"true\" class=\"wp-block-spacer\"><\/div>\n\n\n\n<p class=\"has-text-align-center\">Ver mais <strong><strong><strong><a href=\"http:\/\/collaboro.ipportalegre.pt\/ecocampuspolitecnico\/outros-projetos-e-noticias\/\" data-type=\"page\" data-id=\"43\">OUTROS PROJETOS E NOT\u00cdCIAS<\/a><\/strong><\/strong><\/strong><\/p>\n\n\n\n<p><\/p>\n","protected":false},"excerpt":{"rendered":"<p>HIGH SCHOOL SUSTAINABILITY GUIDE www.highschoolsustainabilityguide.org &#8220;O HSSG \u00e9 um guia abrangente desenvolvido por alunos do ensino superior, contendo calculadoras de carbono f\u00e1ceis de utilizar, concebidas especificamente para as escolas. O &#8230;<\/p>\n","protected":false},"author":3,"featured_media":480,"parent":43,"menu_order":2,"comment_status":"closed","ping_status":"closed","template":"","meta":{"inline_featured_image":false,"footnotes":""},"class_list":["post-1230","page","type-page","status-publish","has-post-thumbnail","hentry"],"_links":{"self":[{"href":"https:\/\/collaboro.ipportalegre.pt\/ecocampuspolitecnico\/wp-json\/wp\/v2\/pages\/1230","targetHints":{"allow":["GET"]}}],"collection":[{"href":"https:\/\/collaboro.ipportalegre.pt\/ecocampuspolitecnico\/wp-json\/wp\/v2\/pages"}],"about":[{"href":"https:\/\/collaboro.ipportalegre.pt\/ecocampuspolitecnico\/wp-json\/wp\/v2\/types\/page"}],"author":[{"embeddable":true,"href":"https:\/\/collaboro.ipportalegre.pt\/ecocampuspolitecnico\/wp-json\/wp\/v2\/users\/3"}],"replies":[{"embeddable":true,"href":"https:\/\/collaboro.ipportalegre.pt\/ecocampuspolitecnico\/wp-json\/wp\/v2\/comments?post=1230"}],"version-history":[{"count":5,"href":"https:\/\/collaboro.ipportalegre.pt\/ecocampuspolitecnico\/wp-json\/wp\/v2\/pages\/1230\/revisions"}],"predecessor-version":[{"id":1325,"href":"https:\/\/collaboro.ipportalegre.pt\/ecocampuspolitecnico\/wp-json\/wp\/v2\/pages\/1230\/revisions\/1325"}],"up":[{"embeddable":true,"href":"https:\/\/collaboro.ipportalegre.pt\/ecocampuspolitecnico\/wp-json\/wp\/v2\/pages\/43"}],"wp:featuredmedia":[{"embeddable":true,"href":"https:\/\/collaboro.ipportalegre.pt\/ecocampuspolitecnico\/wp-json\/wp\/v2\/media\/480"}],"wp:attachment":[{"href":"https:\/\/collaboro.ipportalegre.pt\/ecocampuspolitecnico\/wp-json\/wp\/v2\/media?parent=1230"}],"curies":[{"name":"wp","href":"https:\/\/api.w.org\/{rel}","templated":true}]}}