{"id":1223,"date":"2025-02-03T12:01:54","date_gmt":"2025-02-03T12:01:54","guid":{"rendered":"https:\/\/collaboro.ipportalegre.pt\/ecocampuspolitecnico\/?page_id=1223"},"modified":"2025-05-12T09:45:09","modified_gmt":"2025-05-12T09:45:09","slug":"visita-grafica-sustentavel-lappi-calipolense","status":"publish","type":"page","link":"https:\/\/collaboro.ipportalegre.pt\/ecocampuspolitecnico\/projetos-do-teu-campus\/visita-grafica-sustentavel-lappi-calipolense\/","title":{"rendered":"Visita gr\u00e1fica sustent\u00e1vel- Lapp\u00ed Calipolense"},"content":{"rendered":"\n<div aria-hidden=\"true\" class=\"wp-block-spacer\"><\/div>\n\n\n\n<figure class=\"wp-block-image size-large\"><img loading=\"lazy\" decoding=\"async\" width=\"1024\" height=\"576\" src=\"https:\/\/collaboro.ipportalegre.pt\/ecocampuspolitecnico\/wp-content\/uploads\/sites\/9\/2025\/02\/grafica-lappi-1024x576.jpg\" alt=\"\" class=\"wp-image-1224\" srcset=\"https:\/\/collaboro.ipportalegre.pt\/ecocampuspolitecnico\/wp-content\/uploads\/sites\/9\/2025\/02\/grafica-lappi-1024x576.jpg 1024w, https:\/\/collaboro.ipportalegre.pt\/ecocampuspolitecnico\/wp-content\/uploads\/sites\/9\/2025\/02\/grafica-lappi-300x169.jpg 300w, https:\/\/collaboro.ipportalegre.pt\/ecocampuspolitecnico\/wp-content\/uploads\/sites\/9\/2025\/02\/grafica-lappi-768x432.jpg 768w, https:\/\/collaboro.ipportalegre.pt\/ecocampuspolitecnico\/wp-content\/uploads\/sites\/9\/2025\/02\/grafica-lappi.jpg 1366w\" sizes=\"auto, (max-width: 1024px) 100vw, 1024px\" \/><\/figure>\n\n\n\n<div style=\"height:30px\" aria-hidden=\"true\" class=\"wp-block-spacer\"><\/div>\n\n\n\n<h2 class=\"wp-block-heading\" style=\"text-transform:uppercase\"><strong><strong>curso de design de comunica\u00e7\u00e3o visita gr\u00e1fica sustent\u00e1vel&nbsp;<\/strong><\/strong><\/h2>\n\n\n\n<p class=\"has-text-color has-link-color has-medium-font-size wp-elements-59ffbd559ef9b42b0a7b24456fed02ee\" style=\"color:#fdc300\">Gr\u00e1fica Lapp\u00ed Calipolense_ Vila Vi\u00e7osa<\/p>\n\n\n\n<h2 class=\"wp-block-heading has-medium-font-size\"><a href=\"https:\/\/collaboro.ipportalegre.pt\/ecocampuspolitecnico\/projetos-da-tua-escola\/visita-grafica-sustentavel-lappi-calipolense\/\" data-type=\"page\" data-id=\"1223\">14 de janeiro de 2025<\/a><\/h2>\n\n\n\n<p>Os estudantes do curso de Design de Comunica\u00e7\u00e3o, no \u00e2mbito das unidades curriculares de Design para a Sustentabilidade, Produ\u00e7\u00e3o Gr\u00e1fica e Design de Informa\u00e7\u00e3o, visitaram a Gr\u00e1fica Lapp\u00ed Calipolense, sediada em Vila Vi\u00e7osa.<\/p>\n\n\n\n<p>A visita teve como inten\u00e7\u00e3o dar a conhecer as boas pr\u00e1ticas de sustentabilidade na produ\u00e7\u00e3o gr\u00e1fica, em concreto aquelas que se relacionam diretamente com o design e a produ\u00e7\u00e3o de r\u00f3tulos impressos, atividade em que a gr\u00e1fica se especializou.<\/p>\n\n\n\n<p>Para conhecer mais sobre a produ\u00e7\u00e3o gr\u00e1fica e a sustentabilidade da empresa, pode consultar: <a href=\"https:\/\/www.grupolappi.com\/pt\/rse-e-sustentabilidade\/\">https:\/\/www.grupolappi.com\/pt\/rse-e-sustentabilidade\/<\/a><\/p>\n\n\n\n<p><\/p>\n\n\n\n<div style=\"height:50px\" aria-hidden=\"true\" class=\"wp-block-spacer\"><\/div>\n\n\n\n<p class=\"has-text-align-center\">Ver mais <strong><a href=\"http:\/\/collaboro.ipportalegre.pt\/ecocampuspolitecnico\/projetos-da-tua-escola\/\" data-type=\"page\" data-id=\"214\">PROJETOS DA TUA ESCOLA<\/a><\/strong><\/p>\n","protected":false},"excerpt":{"rendered":"<p>curso de design de comunica\u00e7\u00e3o visita gr\u00e1fica sustent\u00e1vel&nbsp; Gr\u00e1fica Lapp\u00ed Calipolense_ Vila Vi\u00e7osa 14 de janeiro de 2025 Os estudantes do curso de Design de Comunica\u00e7\u00e3o, no \u00e2mbito das unidades &#8230;<\/p>\n","protected":false},"author":3,"featured_media":0,"parent":214,"menu_order":1,"comment_status":"closed","ping_status":"closed","template":"","meta":{"inline_featured_image":false,"footnotes":""},"class_list":["post-1223","page","type-page","status-publish","hentry"],"_links":{"self":[{"href":"https:\/\/collaboro.ipportalegre.pt\/ecocampuspolitecnico\/wp-json\/wp\/v2\/pages\/1223","targetHints":{"allow":["GET"]}}],"collection":[{"href":"https:\/\/collaboro.ipportalegre.pt\/ecocampuspolitecnico\/wp-json\/wp\/v2\/pages"}],"about":[{"href":"https:\/\/collaboro.ipportalegre.pt\/ecocampuspolitecnico\/wp-json\/wp\/v2\/types\/page"}],"author":[{"embeddable":true,"href":"https:\/\/collaboro.ipportalegre.pt\/ecocampuspolitecnico\/wp-json\/wp\/v2\/users\/3"}],"replies":[{"embeddable":true,"href":"https:\/\/collaboro.ipportalegre.pt\/ecocampuspolitecnico\/wp-json\/wp\/v2\/comments?post=1223"}],"version-history":[{"count":5,"href":"https:\/\/collaboro.ipportalegre.pt\/ecocampuspolitecnico\/wp-json\/wp\/v2\/pages\/1223\/revisions"}],"predecessor-version":[{"id":1314,"href":"https:\/\/collaboro.ipportalegre.pt\/ecocampuspolitecnico\/wp-json\/wp\/v2\/pages\/1223\/revisions\/1314"}],"up":[{"embeddable":true,"href":"https:\/\/collaboro.ipportalegre.pt\/ecocampuspolitecnico\/wp-json\/wp\/v2\/pages\/214"}],"wp:attachment":[{"href":"https:\/\/collaboro.ipportalegre.pt\/ecocampuspolitecnico\/wp-json\/wp\/v2\/media?parent=1223"}],"curies":[{"name":"wp","href":"https:\/\/api.w.org\/{rel}","templated":true}]}}