{"id":1171,"date":"2024-12-09T19:53:04","date_gmt":"2024-12-09T19:53:04","guid":{"rendered":"https:\/\/collaboro.ipportalegre.pt\/ecocampuspolitecnico\/?page_id=1171"},"modified":"2025-05-12T09:47:57","modified_gmt":"2025-05-12T09:47:57","slug":"dendrometria-de-choupos","status":"publish","type":"page","link":"https:\/\/collaboro.ipportalegre.pt\/ecocampuspolitecnico\/projetos-do-teu-campus\/dendrometria-de-choupos\/","title":{"rendered":"Dendrometria de choupos"},"content":{"rendered":"\n<div aria-hidden=\"true\" class=\"wp-block-spacer\"><\/div>\n\n\n\n<div class=\"wp-block-group is-nowrap is-layout-flex wp-container-core-group-is-layout-ad2f72ca wp-block-group-is-layout-flex\">\n<div class=\"wp-block-group is-nowrap is-layout-flex wp-container-core-group-is-layout-d653275e wp-block-group-is-layout-flex\">\n<div class=\"wp-block-group\"><div class=\"wp-block-group__inner-container is-layout-constrained wp-block-group-is-layout-constrained\">\n<div class=\"wp-block-columns is-layout-flex wp-container-core-columns-is-layout-9d6595d7 wp-block-columns-is-layout-flex\">\n<div class=\"wp-block-column is-vertically-aligned-stretch is-layout-flow wp-block-column-is-layout-flow\" style=\"flex-basis:50%\">\n<figure class=\"wp-block-gallery has-nested-images columns-default is-cropped wp-block-gallery-1 is-layout-flex wp-block-gallery-is-layout-flex\">\n<figure class=\"wp-block-image size-full is-style-default\"><img loading=\"lazy\" decoding=\"async\" width=\"2560\" height=\"1919\" data-id=\"1180\" src=\"https:\/\/collaboro.ipportalegre.pt\/ecocampuspolitecnico\/wp-content\/uploads\/sites\/9\/2024\/12\/image-11-1-2-1-1-min-edited-scaled.jpg\" alt=\"\" class=\"wp-image-1180\" srcset=\"https:\/\/collaboro.ipportalegre.pt\/ecocampuspolitecnico\/wp-content\/uploads\/sites\/9\/2024\/12\/image-11-1-2-1-1-min-edited-scaled.jpg 2560w, https:\/\/collaboro.ipportalegre.pt\/ecocampuspolitecnico\/wp-content\/uploads\/sites\/9\/2024\/12\/image-11-1-2-1-1-min-edited-300x225.jpg 300w, https:\/\/collaboro.ipportalegre.pt\/ecocampuspolitecnico\/wp-content\/uploads\/sites\/9\/2024\/12\/image-11-1-2-1-1-min-edited-1024x768.jpg 1024w, https:\/\/collaboro.ipportalegre.pt\/ecocampuspolitecnico\/wp-content\/uploads\/sites\/9\/2024\/12\/image-11-1-2-1-1-min-edited-768x576.jpg 768w, https:\/\/collaboro.ipportalegre.pt\/ecocampuspolitecnico\/wp-content\/uploads\/sites\/9\/2024\/12\/image-11-1-2-1-1-min-edited-1536x1152.jpg 1536w, https:\/\/collaboro.ipportalegre.pt\/ecocampuspolitecnico\/wp-content\/uploads\/sites\/9\/2024\/12\/image-11-1-2-1-1-min-edited-2048x1536.jpg 2048w\" sizes=\"auto, (max-width: 2560px) 100vw, 2560px\" \/><\/figure>\n<\/figure>\n<\/div>\n\n\n\n<div class=\"wp-block-column is-layout-flow wp-block-column-is-layout-flow\" style=\"flex-basis:50%\">\n<figure class=\"wp-block-image size-large\"><img loading=\"lazy\" decoding=\"async\" width=\"2560\" height=\"1920\" src=\"https:\/\/collaboro.ipportalegre.pt\/ecocampuspolitecnico\/wp-content\/uploads\/sites\/9\/2024\/12\/image-13-1-edited-scaled.jpg\" alt=\"\" class=\"wp-image-1179\" srcset=\"https:\/\/collaboro.ipportalegre.pt\/ecocampuspolitecnico\/wp-content\/uploads\/sites\/9\/2024\/12\/image-13-1-edited-scaled.jpg 2560w, https:\/\/collaboro.ipportalegre.pt\/ecocampuspolitecnico\/wp-content\/uploads\/sites\/9\/2024\/12\/image-13-1-edited-300x225.jpg 300w, https:\/\/collaboro.ipportalegre.pt\/ecocampuspolitecnico\/wp-content\/uploads\/sites\/9\/2024\/12\/image-13-1-edited-1024x768.jpg 1024w, https:\/\/collaboro.ipportalegre.pt\/ecocampuspolitecnico\/wp-content\/uploads\/sites\/9\/2024\/12\/image-13-1-edited-768x576.jpg 768w, https:\/\/collaboro.ipportalegre.pt\/ecocampuspolitecnico\/wp-content\/uploads\/sites\/9\/2024\/12\/image-13-1-edited-1536x1152.jpg 1536w, https:\/\/collaboro.ipportalegre.pt\/ecocampuspolitecnico\/wp-content\/uploads\/sites\/9\/2024\/12\/image-13-1-edited-2048x1536.jpg 2048w\" sizes=\"auto, (max-width: 2560px) 100vw, 2560px\" \/><\/figure>\n<\/div>\n<\/div>\n<\/div><\/div>\n<\/div>\n<\/div>\n\n\n\n<p class=\"has-text-align-center has-small-font-size\">Estudantes do curso de Engenharia de Produ\u00e7\u00e3o de Biocombust\u00edveis da ESTGD<\/p>\n\n\n\n<p class=\"has-text-align-center has-small-font-size\"><\/p>\n\n\n\n<div style=\"height:50px\" aria-hidden=\"true\" class=\"wp-block-spacer\"><\/div>\n\n\n\n<h2 class=\"wp-block-heading\" style=\"text-transform:uppercase\">dendrometria de choupos no campus<\/h2>\n\n\n\n<p class=\"has-text-color has-medium-font-size\" style=\"color:#fdc300\">Aula pr\u00e1tica com a professora Orlanda P\u00f3voa<\/p>\n\n\n\n<p><\/p>\n\n\n\n<div class=\"wp-block-columns is-layout-flex wp-container-core-columns-is-layout-9d6595d7 wp-block-columns-is-layout-flex\">\n<div class=\"wp-block-column is-layout-flow wp-block-column-is-layout-flow\" style=\"flex-basis:100%\">\n<p>No \u00e2mbito da UC de Recursos Florestais, a Professora Orlanda P\u00f3voa realizou com os seus estudantes a recolha de dados de dendrometria de choupos no Campus Polit\u00e9cnico. Os estudantes ir\u00e3o realizar um relat\u00f3rio da atividade pr\u00e1tica, incluindo c\u00e1lculos de volume de biomassa.<\/p>\n\n\n\n<p><\/p>\n\n\n\n<p><\/p>\n<\/div>\n<\/div>\n\n\n\n<div style=\"height:50px\" aria-hidden=\"true\" class=\"wp-block-spacer\"><\/div>\n\n\n\n<p class=\"has-text-align-center\">Ver mais <strong><a href=\"http:\/\/collaboro.ipportalegre.pt\/ecocampuspolitecnico\/projetos-da-tua-escola\/\" data-type=\"page\" data-id=\"214\">PROJETOS DA TUA ESCOLA<\/a><\/strong><\/p>\n","protected":false},"excerpt":{"rendered":"<p>Estudantes do curso de Engenharia de Produ\u00e7\u00e3o de Biocombust\u00edveis da ESTGD dendrometria de choupos no campus Aula pr\u00e1tica com a professora Orlanda P\u00f3voa No \u00e2mbito da UC de Recursos Florestais, &#8230;<\/p>\n","protected":false},"author":3,"featured_media":0,"parent":214,"menu_order":1,"comment_status":"closed","ping_status":"closed","template":"","meta":{"inline_featured_image":false,"footnotes":"[]"},"class_list":["post-1171","page","type-page","status-publish","hentry"],"_links":{"self":[{"href":"https:\/\/collaboro.ipportalegre.pt\/ecocampuspolitecnico\/wp-json\/wp\/v2\/pages\/1171","targetHints":{"allow":["GET"]}}],"collection":[{"href":"https:\/\/collaboro.ipportalegre.pt\/ecocampuspolitecnico\/wp-json\/wp\/v2\/pages"}],"about":[{"href":"https:\/\/collaboro.ipportalegre.pt\/ecocampuspolitecnico\/wp-json\/wp\/v2\/types\/page"}],"author":[{"embeddable":true,"href":"https:\/\/collaboro.ipportalegre.pt\/ecocampuspolitecnico\/wp-json\/wp\/v2\/users\/3"}],"replies":[{"embeddable":true,"href":"https:\/\/collaboro.ipportalegre.pt\/ecocampuspolitecnico\/wp-json\/wp\/v2\/comments?post=1171"}],"version-history":[{"count":4,"href":"https:\/\/collaboro.ipportalegre.pt\/ecocampuspolitecnico\/wp-json\/wp\/v2\/pages\/1171\/revisions"}],"predecessor-version":[{"id":1317,"href":"https:\/\/collaboro.ipportalegre.pt\/ecocampuspolitecnico\/wp-json\/wp\/v2\/pages\/1171\/revisions\/1317"}],"up":[{"embeddable":true,"href":"https:\/\/collaboro.ipportalegre.pt\/ecocampuspolitecnico\/wp-json\/wp\/v2\/pages\/214"}],"wp:attachment":[{"href":"https:\/\/collaboro.ipportalegre.pt\/ecocampuspolitecnico\/wp-json\/wp\/v2\/media?parent=1171"}],"curies":[{"name":"wp","href":"https:\/\/api.w.org\/{rel}","templated":true}]}}