{"id":1104,"date":"2024-12-09T18:30:34","date_gmt":"2024-12-09T18:30:34","guid":{"rendered":"https:\/\/collaboro.ipportalegre.pt\/ecocampuspolitecnico\/?page_id=1104"},"modified":"2025-05-12T09:48:51","modified_gmt":"2025-05-12T09:48:51","slug":"visita-a-valnor","status":"publish","type":"page","link":"https:\/\/collaboro.ipportalegre.pt\/ecocampuspolitecnico\/projetos-do-teu-campus\/visita-a-valnor\/","title":{"rendered":"Visita \u00e0 Valnor"},"content":{"rendered":"\n<div aria-hidden=\"true\" class=\"wp-block-spacer\"><\/div>\n\n\n\n<div class=\"wp-block-group alignfull\"><div class=\"wp-block-group__inner-container is-layout-constrained wp-block-group-is-layout-constrained\">\n<div class=\"wp-block-group is-vertical is-layout-flex wp-container-core-group-is-layout-b7faace9 wp-block-group-is-layout-flex\">\n<figure class=\"wp-block-gallery has-nested-images columns-default is-cropped wp-block-gallery-1 is-layout-flex wp-block-gallery-is-layout-flex\"><div class=\"wp-block-image\">\n<figure class=\"aligncenter size-large\"><img loading=\"lazy\" decoding=\"async\" width=\"1024\" height=\"554\" data-id=\"1115\" src=\"https:\/\/collaboro.ipportalegre.pt\/ecocampuspolitecnico\/wp-content\/uploads\/sites\/9\/2024\/12\/DSC02369-1-1-1-1-1-1-1024x554.jpg\" alt=\"\" class=\"wp-image-1115\" srcset=\"https:\/\/collaboro.ipportalegre.pt\/ecocampuspolitecnico\/wp-content\/uploads\/sites\/9\/2024\/12\/DSC02369-1-1-1-1-1-1-1024x554.jpg 1024w, https:\/\/collaboro.ipportalegre.pt\/ecocampuspolitecnico\/wp-content\/uploads\/sites\/9\/2024\/12\/DSC02369-1-1-1-1-1-1-300x162.jpg 300w, https:\/\/collaboro.ipportalegre.pt\/ecocampuspolitecnico\/wp-content\/uploads\/sites\/9\/2024\/12\/DSC02369-1-1-1-1-1-1-768x416.jpg 768w, https:\/\/collaboro.ipportalegre.pt\/ecocampuspolitecnico\/wp-content\/uploads\/sites\/9\/2024\/12\/DSC02369-1-1-1-1-1-1-1536x831.jpg 1536w, https:\/\/collaboro.ipportalegre.pt\/ecocampuspolitecnico\/wp-content\/uploads\/sites\/9\/2024\/12\/DSC02369-1-1-1-1-1-1-2048x1108.jpg 2048w\" sizes=\"auto, (max-width: 1024px) 100vw, 1024px\" \/><\/figure>\n<\/div>\n\n\n<figure class=\"wp-block-image size-large\"><img loading=\"lazy\" decoding=\"async\" width=\"1024\" height=\"950\" data-id=\"1124\" src=\"https:\/\/collaboro.ipportalegre.pt\/ecocampuspolitecnico\/wp-content\/uploads\/sites\/9\/2024\/12\/image-4-1-1024x950.jpg\" alt=\"\" class=\"wp-image-1124\" srcset=\"https:\/\/collaboro.ipportalegre.pt\/ecocampuspolitecnico\/wp-content\/uploads\/sites\/9\/2024\/12\/image-4-1-1024x950.jpg 1024w, https:\/\/collaboro.ipportalegre.pt\/ecocampuspolitecnico\/wp-content\/uploads\/sites\/9\/2024\/12\/image-4-1-300x278.jpg 300w, https:\/\/collaboro.ipportalegre.pt\/ecocampuspolitecnico\/wp-content\/uploads\/sites\/9\/2024\/12\/image-4-1-768x712.jpg 768w, https:\/\/collaboro.ipportalegre.pt\/ecocampuspolitecnico\/wp-content\/uploads\/sites\/9\/2024\/12\/image-4-1-1536x1425.jpg 1536w, https:\/\/collaboro.ipportalegre.pt\/ecocampuspolitecnico\/wp-content\/uploads\/sites\/9\/2024\/12\/image-4-1-2048x1900.jpg 2048w\" sizes=\"auto, (max-width: 1024px) 100vw, 1024px\" \/><\/figure>\n\n\n\n<figure class=\"wp-block-image size-large\"><img loading=\"lazy\" decoding=\"async\" width=\"1024\" height=\"819\" data-id=\"1113\" src=\"https:\/\/collaboro.ipportalegre.pt\/ecocampuspolitecnico\/wp-content\/uploads\/sites\/9\/2024\/12\/image-1024x819.jpg\" alt=\"\" class=\"wp-image-1113\" srcset=\"https:\/\/collaboro.ipportalegre.pt\/ecocampuspolitecnico\/wp-content\/uploads\/sites\/9\/2024\/12\/image-1024x819.jpg 1024w, https:\/\/collaboro.ipportalegre.pt\/ecocampuspolitecnico\/wp-content\/uploads\/sites\/9\/2024\/12\/image-300x240.jpg 300w, https:\/\/collaboro.ipportalegre.pt\/ecocampuspolitecnico\/wp-content\/uploads\/sites\/9\/2024\/12\/image-768x614.jpg 768w, https:\/\/collaboro.ipportalegre.pt\/ecocampuspolitecnico\/wp-content\/uploads\/sites\/9\/2024\/12\/image-1536x1229.jpg 1536w, https:\/\/collaboro.ipportalegre.pt\/ecocampuspolitecnico\/wp-content\/uploads\/sites\/9\/2024\/12\/image-2048x1638.jpg 2048w\" sizes=\"auto, (max-width: 1024px) 100vw, 1024px\" \/><\/figure>\n\n\n\n<figure class=\"wp-block-image size-large\"><img loading=\"lazy\" decoding=\"async\" width=\"1024\" height=\"578\" data-id=\"1116\" src=\"https:\/\/collaboro.ipportalegre.pt\/ecocampuspolitecnico\/wp-content\/uploads\/sites\/9\/2024\/12\/image-2-1024x578.jpg\" alt=\"\" class=\"wp-image-1116\" srcset=\"https:\/\/collaboro.ipportalegre.pt\/ecocampuspolitecnico\/wp-content\/uploads\/sites\/9\/2024\/12\/image-2-1024x578.jpg 1024w, https:\/\/collaboro.ipportalegre.pt\/ecocampuspolitecnico\/wp-content\/uploads\/sites\/9\/2024\/12\/image-2-300x169.jpg 300w, https:\/\/collaboro.ipportalegre.pt\/ecocampuspolitecnico\/wp-content\/uploads\/sites\/9\/2024\/12\/image-2-768x433.jpg 768w, https:\/\/collaboro.ipportalegre.pt\/ecocampuspolitecnico\/wp-content\/uploads\/sites\/9\/2024\/12\/image-2-1536x866.jpg 1536w, https:\/\/collaboro.ipportalegre.pt\/ecocampuspolitecnico\/wp-content\/uploads\/sites\/9\/2024\/12\/image-2-2048x1155.jpg 2048w\" sizes=\"auto, (max-width: 1024px) 100vw, 1024px\" \/><\/figure>\n<\/figure>\n\n\n\n<p class=\"has-text-align-right has-small-font-size\"> Estudantes e professores dos cursos de Engenharia Civil, Engenharia de Produ\u00e7\u00e3o de Biocombust\u00edveis e Design de Comunica\u00e7\u00e3o<\/p>\n<\/div>\n<\/div><\/div>\n\n\n\n<div style=\"height:60px\" aria-hidden=\"true\" class=\"wp-block-spacer\"><\/div>\n\n\n\n<h2 class=\"wp-block-heading\" style=\"text-transform:uppercase\">visita de estudo \u00e0 empresa valnor<\/h2>\n\n\n\n<p class=\"has-text-color has-medium-font-size\" style=\"color:#fdc300\">Separa\u00e7\u00e3o e valoriza\u00e7\u00e3o dos res\u00edduos <\/p>\n\n\n\n<p><\/p>\n\n\n\n<div class=\"wp-block-columns is-layout-flex wp-container-core-columns-is-layout-9d6595d7 wp-block-columns-is-layout-flex\">\n<div class=\"wp-block-column is-layout-flow wp-block-column-is-layout-flow\" style=\"flex-basis:100%\">\n<p>No \u00e2mbito do Programa EcoCampus, as turmas de Design de comunica\u00e7\u00e3o, Engenharia Civil e Engenharia de Produ\u00e7\u00e3o de Biocombust\u00edveis visitaram a Valnor no dia 27 de novembro.<\/p>\n\n\n\n<p>Nesta visita foi poss\u00edvel perceber a complexidade dos processos de separa\u00e7\u00e3o, valoriza\u00e7\u00e3o e tratamento de res\u00edduos urbanos. Fic\u00e1mos mais conscientes da import\u00e2ncia da correta separa\u00e7\u00e3o de res\u00edduos.<\/p>\n\n\n\n<p>Agradecemos \u00e0 Valnor e a toda a sua equipa a forma como nos receberam.&nbsp;<\/p>\n\n\n\n<p><\/p>\n\n\n\n<p><\/p>\n<\/div>\n<\/div>\n\n\n\n<div style=\"height:50px\" aria-hidden=\"true\" class=\"wp-block-spacer\"><\/div>\n\n\n\n<p class=\"has-text-align-center\">Ver mais <strong><a href=\"http:\/\/collaboro.ipportalegre.pt\/ecocampuspolitecnico\/projetos-da-tua-escola\/\" data-type=\"page\" data-id=\"214\">PROJETOS DA TUA ESCOLA<\/a><\/strong><\/p>\n","protected":false},"excerpt":{"rendered":"<p>Estudantes e professores dos cursos de Engenharia Civil, Engenharia de Produ\u00e7\u00e3o de Biocombust\u00edveis e Design de Comunica\u00e7\u00e3o visita de estudo \u00e0 empresa valnor Separa\u00e7\u00e3o e valoriza\u00e7\u00e3o dos res\u00edduos No \u00e2mbito &#8230;<\/p>\n","protected":false},"author":3,"featured_media":0,"parent":214,"menu_order":1,"comment_status":"closed","ping_status":"closed","template":"","meta":{"inline_featured_image":false,"footnotes":"[]"},"class_list":["post-1104","page","type-page","status-publish","hentry"],"_links":{"self":[{"href":"https:\/\/collaboro.ipportalegre.pt\/ecocampuspolitecnico\/wp-json\/wp\/v2\/pages\/1104","targetHints":{"allow":["GET"]}}],"collection":[{"href":"https:\/\/collaboro.ipportalegre.pt\/ecocampuspolitecnico\/wp-json\/wp\/v2\/pages"}],"about":[{"href":"https:\/\/collaboro.ipportalegre.pt\/ecocampuspolitecnico\/wp-json\/wp\/v2\/types\/page"}],"author":[{"embeddable":true,"href":"https:\/\/collaboro.ipportalegre.pt\/ecocampuspolitecnico\/wp-json\/wp\/v2\/users\/3"}],"replies":[{"embeddable":true,"href":"https:\/\/collaboro.ipportalegre.pt\/ecocampuspolitecnico\/wp-json\/wp\/v2\/comments?post=1104"}],"version-history":[{"count":17,"href":"https:\/\/collaboro.ipportalegre.pt\/ecocampuspolitecnico\/wp-json\/wp\/v2\/pages\/1104\/revisions"}],"predecessor-version":[{"id":1319,"href":"https:\/\/collaboro.ipportalegre.pt\/ecocampuspolitecnico\/wp-json\/wp\/v2\/pages\/1104\/revisions\/1319"}],"up":[{"embeddable":true,"href":"https:\/\/collaboro.ipportalegre.pt\/ecocampuspolitecnico\/wp-json\/wp\/v2\/pages\/214"}],"wp:attachment":[{"href":"https:\/\/collaboro.ipportalegre.pt\/ecocampuspolitecnico\/wp-json\/wp\/v2\/media?parent=1104"}],"curies":[{"name":"wp","href":"https:\/\/api.w.org\/{rel}","templated":true}]}}